{"id":18398,"date":"2025-04-10T09:39:22","date_gmt":"2025-04-10T07:39:22","guid":{"rendered":"https:\/\/destinationsvinsdeprovence.com\/?page_id=18398"},"modified":"2026-01-26T17:59:53","modified_gmt":"2026-01-26T16:59:53","slug":"parcourir-le-pays-daix-en-provence","status":"publish","type":"page","link":"https:\/\/destinationsvinsdeprovence.com\/en\/destination-pays-daix-en-provence\/parcourir-le-pays-daix-en-provence\/","title":{"rendered":"Explore the Aix-en-Provence region"},"content":{"rendered":"","protected":false},"excerpt":{"rendered":"","protected":false},"author":7,"featured_media":0,"parent":6469,"menu_order":0,"comment_status":"closed","ping_status":"closed","template":"","meta":{"_acf_changed":false,"_sitemap_exclude":false,"_sitemap_priority":"","_sitemap_frequency":"","_bb_seo_title":"Un week-end en Pays d\u2019Aix-en-Provence","_bb_seo_meta_description":"D\u00e9couvrez un week-end id\u00e9al dans le Pays d\u2019Aix-en-Provence. Explorez le ros\u00e9 de Provence, visitez les march\u00e9s du Pays d\u2019Aix en Provence et d\u00e9couvrez les incontournables de la r\u00e9gion. Informations pratiques et id\u00e9es de s\u00e9jour sur Destinations Vins de Provence.","_bb_seo_share_image_id":0,"_bb_seo_noindex":false,"footnotes":""},"class_list":["post-18398","page","type-page","status-publish","hentry"],"acf":{"cover_surtitre":"Parcourir","cover_title":"","cover_intro":""},"_links":{"self":[{"href":"https:\/\/destinationsvinsdeprovence.com\/en\/wp-json\/wp\/v2\/pages\/18398","targetHints":{"allow":["GET"]}}],"collection":[{"href":"https:\/\/destinationsvinsdeprovence.com\/en\/wp-json\/wp\/v2\/pages"}],"about":[{"href":"https:\/\/destinationsvinsdeprovence.com\/en\/wp-json\/wp\/v2\/types\/page"}],"author":[{"embeddable":true,"href":"https:\/\/destinationsvinsdeprovence.com\/en\/wp-json\/wp\/v2\/users\/7"}],"replies":[{"embeddable":true,"href":"https:\/\/destinationsvinsdeprovence.com\/en\/wp-json\/wp\/v2\/comments?post=18398"}],"version-history":[{"count":15,"href":"https:\/\/destinationsvinsdeprovence.com\/en\/wp-json\/wp\/v2\/pages\/18398\/revisions"}],"predecessor-version":[{"id":28381,"href":"https:\/\/destinationsvinsdeprovence.com\/en\/wp-json\/wp\/v2\/pages\/18398\/revisions\/28381"}],"up":[{"embeddable":true,"href":"https:\/\/destinationsvinsdeprovence.com\/en\/wp-json\/wp\/v2\/pages\/6469"}],"wp:attachment":[{"href":"https:\/\/destinationsvinsdeprovence.com\/en\/wp-json\/wp\/v2\/media?parent=18398"}],"curies":[{"name":"wp","href":"https:\/\/api.w.org\/{rel}","templated":true}]}}