{"id":18560,"date":"2025-04-16T01:49:13","date_gmt":"2025-04-15T23:49:13","guid":{"rendered":"https:\/\/destinationsvinsdeprovence.com\/?page_id=18560"},"modified":"2026-01-26T18:00:22","modified_gmt":"2026-01-26T17:00:22","slug":"se-divertir-en-pays-daix-en-provence","status":"publish","type":"page","link":"https:\/\/destinationsvinsdeprovence.com\/en\/destination-pays-daix-en-provence\/se-divertir-en-pays-daix-en-provence\/","title":{"rendered":"Entertainment in the Aix-en-Provence region"},"content":{"rendered":"","protected":false},"excerpt":{"rendered":"","protected":false},"author":7,"featured_media":0,"parent":6469,"menu_order":0,"comment_status":"closed","ping_status":"closed","template":"","meta":{"_acf_changed":false,"_sitemap_exclude":false,"_sitemap_priority":"","_sitemap_frequency":"","_bb_seo_title":"Activit\u00e9s et loisirs en Pays d'Aix-en-Provence","_bb_seo_meta_description":"D\u00e9couvrez l'agenda des \u00e9v\u00e9nements, activit\u00e9s et loisirs en Pays d'Aix-en-Provence. Trouvez des id\u00e9es de sorties, des visites de domaines viticoles et bien plus encore. Informations pratiques et conseils de la CIVP.","_bb_seo_share_image_id":0,"_bb_seo_noindex":false,"footnotes":""},"class_list":["post-18560","page","type-page","status-publish","hentry"],"acf":{"cover_surtitre":"","cover_title":"","cover_intro":""},"_links":{"self":[{"href":"https:\/\/destinationsvinsdeprovence.com\/en\/wp-json\/wp\/v2\/pages\/18560","targetHints":{"allow":["GET"]}}],"collection":[{"href":"https:\/\/destinationsvinsdeprovence.com\/en\/wp-json\/wp\/v2\/pages"}],"about":[{"href":"https:\/\/destinationsvinsdeprovence.com\/en\/wp-json\/wp\/v2\/types\/page"}],"author":[{"embeddable":true,"href":"https:\/\/destinationsvinsdeprovence.com\/en\/wp-json\/wp\/v2\/users\/7"}],"replies":[{"embeddable":true,"href":"https:\/\/destinationsvinsdeprovence.com\/en\/wp-json\/wp\/v2\/comments?post=18560"}],"version-history":[{"count":8,"href":"https:\/\/destinationsvinsdeprovence.com\/en\/wp-json\/wp\/v2\/pages\/18560\/revisions"}],"predecessor-version":[{"id":28384,"href":"https:\/\/destinationsvinsdeprovence.com\/en\/wp-json\/wp\/v2\/pages\/18560\/revisions\/28384"}],"up":[{"embeddable":true,"href":"https:\/\/destinationsvinsdeprovence.com\/en\/wp-json\/wp\/v2\/pages\/6469"}],"wp:attachment":[{"href":"https:\/\/destinationsvinsdeprovence.com\/en\/wp-json\/wp\/v2\/media?parent=18560"}],"curies":[{"name":"wp","href":"https:\/\/api.w.org\/{rel}","templated":true}]}}