{"id":19023,"date":"2025-06-03T10:21:33","date_gmt":"2025-06-03T08:21:33","guid":{"rendered":"https:\/\/destinationsvinsdeprovence.com\/?page_id=19023"},"modified":"2026-04-07T18:40:22","modified_gmt":"2026-04-07T16:40:22","slug":"les-domaines-de-vignobles-de-provence-de-mediterranee","status":"publish","type":"page","link":"https:\/\/destinationsvinsdeprovence.com\/en\/destination-vignobles-de-provence-et-de-mediterranee\/les-domaines-de-vignobles-de-provence-de-mediterranee\/","title":{"rendered":"The estates &amp; cellars of &quot;Vineyards of Provence &amp; the Mediterranean&quot;\u00ab"},"content":{"rendered":"","protected":false},"excerpt":{"rendered":"","protected":false},"author":18,"featured_media":0,"parent":8480,"menu_order":0,"comment_status":"closed","ping_status":"closed","template":"listing-sit.php","meta":{"_acf_changed":false,"_sitemap_exclude":false,"_sitemap_priority":"","_sitemap_frequency":"","_bb_seo_title":"Domaines et Vignobles de Provence et de M\u00e9diterran\u00e9e - CIVP","_bb_seo_meta_description":"Explorez les meilleurs domaines de vin de Provence et de la M\u00e9diterran\u00e9e avec le CIVP. D\u00e9couvrez le Cellier des Vignerons, Ch\u00e2teau La Gordonne, Domaine des Peirec\u00e8des et bien d'autres. 1 \u00e0 12 sur 58 r\u00e9sultats.","_bb_seo_share_image_id":0,"_bb_seo_noindex":false,"footnotes":""},"class_list":["post-19023","page","type-page","status-publish","hentry"],"acf":{"cover_surtitre":"","cover_title":"","cover_intro":""},"_links":{"self":[{"href":"https:\/\/destinationsvinsdeprovence.com\/en\/wp-json\/wp\/v2\/pages\/19023","targetHints":{"allow":["GET"]}}],"collection":[{"href":"https:\/\/destinationsvinsdeprovence.com\/en\/wp-json\/wp\/v2\/pages"}],"about":[{"href":"https:\/\/destinationsvinsdeprovence.com\/en\/wp-json\/wp\/v2\/types\/page"}],"author":[{"embeddable":true,"href":"https:\/\/destinationsvinsdeprovence.com\/en\/wp-json\/wp\/v2\/users\/18"}],"replies":[{"embeddable":true,"href":"https:\/\/destinationsvinsdeprovence.com\/en\/wp-json\/wp\/v2\/comments?post=19023"}],"version-history":[{"count":13,"href":"https:\/\/destinationsvinsdeprovence.com\/en\/wp-json\/wp\/v2\/pages\/19023\/revisions"}],"predecessor-version":[{"id":28971,"href":"https:\/\/destinationsvinsdeprovence.com\/en\/wp-json\/wp\/v2\/pages\/19023\/revisions\/28971"}],"up":[{"embeddable":true,"href":"https:\/\/destinationsvinsdeprovence.com\/en\/wp-json\/wp\/v2\/pages\/8480"}],"wp:attachment":[{"href":"https:\/\/destinationsvinsdeprovence.com\/en\/wp-json\/wp\/v2\/media?parent=19023"}],"curies":[{"name":"wp","href":"https:\/\/api.w.org\/{rel}","templated":true}]}}