{"id":19027,"date":"2025-06-03T10:25:16","date_gmt":"2025-06-03T08:25:16","guid":{"rendered":"https:\/\/destinationsvinsdeprovence.com\/?page_id=19027"},"modified":"2026-01-26T18:07:38","modified_gmt":"2026-01-26T17:07:38","slug":"activites-en-vignobles-de-provence-de-mediterranee","status":"publish","type":"page","link":"https:\/\/destinationsvinsdeprovence.com\/en\/destination-vignobles-de-provence-et-de-mediterranee\/se-divertir-en-vignobles-de-provence-de-mediterranee\/activites-en-vignobles-de-provence-de-mediterranee\/","title":{"rendered":"Activities in the Vineyards of Provence &amp; the Mediterranean"},"content":{"rendered":"","protected":false},"excerpt":{"rendered":"","protected":false},"author":18,"featured_media":0,"parent":19274,"menu_order":0,"comment_status":"closed","ping_status":"closed","template":"listing-sit.php","meta":{"_acf_changed":false,"_sitemap_exclude":false,"_sitemap_priority":"","_sitemap_frequency":"","_bb_seo_title":"Activit\u00e9s en vignobles de Provence et de M\u00e9diterran\u00e9e","_bb_seo_meta_description":"D\u00e9couvrez les activit\u00e9s vari\u00e9es propos\u00e9es par le CIVP : visites guid\u00e9es, d\u00e9gustations, banquets et \u00e9v\u00e9nements musicaux dans les ch\u00e2teaux et domaines de Provence et M\u00e9diterran\u00e9e. Du 01\/01\/2026 au 31\/12\/2026.","_bb_seo_share_image_id":0,"_bb_seo_noindex":false,"footnotes":""},"class_list":["post-19027","page","type-page","status-publish","hentry"],"acf":{"cover_surtitre":"","cover_title":"","cover_intro":""},"_links":{"self":[{"href":"https:\/\/destinationsvinsdeprovence.com\/en\/wp-json\/wp\/v2\/pages\/19027","targetHints":{"allow":["GET"]}}],"collection":[{"href":"https:\/\/destinationsvinsdeprovence.com\/en\/wp-json\/wp\/v2\/pages"}],"about":[{"href":"https:\/\/destinationsvinsdeprovence.com\/en\/wp-json\/wp\/v2\/types\/page"}],"author":[{"embeddable":true,"href":"https:\/\/destinationsvinsdeprovence.com\/en\/wp-json\/wp\/v2\/users\/18"}],"replies":[{"embeddable":true,"href":"https:\/\/destinationsvinsdeprovence.com\/en\/wp-json\/wp\/v2\/comments?post=19027"}],"version-history":[{"count":15,"href":"https:\/\/destinationsvinsdeprovence.com\/en\/wp-json\/wp\/v2\/pages\/19027\/revisions"}],"predecessor-version":[{"id":28432,"href":"https:\/\/destinationsvinsdeprovence.com\/en\/wp-json\/wp\/v2\/pages\/19027\/revisions\/28432"}],"up":[{"embeddable":true,"href":"https:\/\/destinationsvinsdeprovence.com\/en\/wp-json\/wp\/v2\/pages\/19274"}],"wp:attachment":[{"href":"https:\/\/destinationsvinsdeprovence.com\/en\/wp-json\/wp\/v2\/media?parent=19027"}],"curies":[{"name":"wp","href":"https:\/\/api.w.org\/{rel}","templated":true}]}}