{"id":19029,"date":"2025-06-03T10:30:25","date_gmt":"2025-06-03T08:30:25","guid":{"rendered":"https:\/\/destinationsvinsdeprovence.com\/?page_id=19029"},"modified":"2026-01-26T18:07:20","modified_gmt":"2026-01-26T17:07:20","slug":"dormir-en-vignobles-de-provence-de-mediterranee","status":"publish","type":"page","link":"https:\/\/destinationsvinsdeprovence.com\/en\/destination-vignobles-de-provence-et-de-mediterranee\/dormir-en-vignobles-de-provence-de-mediterranee\/","title":{"rendered":"Sleeping in the Vineyards of Provence &amp; the Mediterranean"},"content":{"rendered":"","protected":false},"excerpt":{"rendered":"","protected":false},"author":18,"featured_media":0,"parent":8480,"menu_order":0,"comment_status":"closed","ping_status":"closed","template":"listing-sit.php","meta":{"_acf_changed":false,"_sitemap_exclude":false,"_sitemap_priority":"","_sitemap_frequency":"","_bb_seo_title":"Dormir en vignobles de Provence et de M\u00e9diterran\u00e9e","_bb_seo_meta_description":"Trouvez des villas, g\u00eetes et maisons de vacances dans les vignobles de Provence et de M\u00e9diterran\u00e9e. D\u00e9couvrez des locations T2, T3, T4 avec piscine, \u00e0 La Grande Augui\u00e8re, Hy\u00e8res, Le Pradet et La Londe-les-Maures. R\u00e9servez votre s\u00e9jour dans un domaine viticole !","_bb_seo_share_image_id":0,"_bb_seo_noindex":false,"footnotes":""},"class_list":["post-19029","page","type-page","status-publish","hentry"],"acf":{"cover_surtitre":"Vignobles de Provence & de M\u00e9diterran\u00e9e","cover_title":"H\u00e9bergements","cover_intro":""},"_links":{"self":[{"href":"https:\/\/destinationsvinsdeprovence.com\/en\/wp-json\/wp\/v2\/pages\/19029","targetHints":{"allow":["GET"]}}],"collection":[{"href":"https:\/\/destinationsvinsdeprovence.com\/en\/wp-json\/wp\/v2\/pages"}],"about":[{"href":"https:\/\/destinationsvinsdeprovence.com\/en\/wp-json\/wp\/v2\/types\/page"}],"author":[{"embeddable":true,"href":"https:\/\/destinationsvinsdeprovence.com\/en\/wp-json\/wp\/v2\/users\/18"}],"replies":[{"embeddable":true,"href":"https:\/\/destinationsvinsdeprovence.com\/en\/wp-json\/wp\/v2\/comments?post=19029"}],"version-history":[{"count":6,"href":"https:\/\/destinationsvinsdeprovence.com\/en\/wp-json\/wp\/v2\/pages\/19029\/revisions"}],"predecessor-version":[{"id":28427,"href":"https:\/\/destinationsvinsdeprovence.com\/en\/wp-json\/wp\/v2\/pages\/19029\/revisions\/28427"}],"up":[{"embeddable":true,"href":"https:\/\/destinationsvinsdeprovence.com\/en\/wp-json\/wp\/v2\/pages\/8480"}],"wp:attachment":[{"href":"https:\/\/destinationsvinsdeprovence.com\/en\/wp-json\/wp\/v2\/media?parent=19029"}],"curies":[{"name":"wp","href":"https:\/\/api.w.org\/{rel}","templated":true}]}}