{"id":19030,"date":"2025-06-03T10:29:35","date_gmt":"2025-06-03T08:29:35","guid":{"rendered":"https:\/\/destinationsvinsdeprovence.com\/?page_id=19030"},"modified":"2026-04-07T18:37:55","modified_gmt":"2026-04-07T16:37:55","slug":"manger-en-vignobles-de-provence-de-mediterranee","status":"publish","type":"page","link":"https:\/\/destinationsvinsdeprovence.com\/en\/destination-vignobles-de-provence-et-de-mediterranee\/manger-en-vignobles-de-provence-de-mediterranee\/","title":{"rendered":"Dining in the Vineyards of Provence &amp; the Mediterranean"},"content":{"rendered":"","protected":false},"excerpt":{"rendered":"","protected":false},"author":18,"featured_media":0,"parent":8480,"menu_order":0,"comment_status":"closed","ping_status":"closed","template":"listing-sit.php","meta":{"_acf_changed":false,"_sitemap_exclude":false,"_sitemap_priority":"","_sitemap_frequency":"","_bb_seo_title":"Manger en Vignobles de Provence et de M\u00e9diterran\u00e9e","_bb_seo_meta_description":"D\u00e9couvrez les meilleurs restaurants et caf\u00e9s dans les vignobles de Provence et de M\u00e9diterran\u00e9e. Trouvez des adresses comme Caf\u00e9 L\u00e9oube, Caf\u00e9 Galoupet et L'Assiette \u00e0 Bormes-les-Mimosas et La Londe-les-Maures. 3 r\u00e9sultats affich\u00e9s.","_bb_seo_share_image_id":0,"_bb_seo_noindex":false,"footnotes":""},"class_list":["post-19030","page","type-page","status-publish","hentry"],"acf":{"cover_surtitre":"Vignobles de Provence & de M\u00e9diterran\u00e9e","cover_title":"D\u00e9jeuner ou d\u00eener","cover_intro":""},"_links":{"self":[{"href":"https:\/\/destinationsvinsdeprovence.com\/en\/wp-json\/wp\/v2\/pages\/19030","targetHints":{"allow":["GET"]}}],"collection":[{"href":"https:\/\/destinationsvinsdeprovence.com\/en\/wp-json\/wp\/v2\/pages"}],"about":[{"href":"https:\/\/destinationsvinsdeprovence.com\/en\/wp-json\/wp\/v2\/types\/page"}],"author":[{"embeddable":true,"href":"https:\/\/destinationsvinsdeprovence.com\/en\/wp-json\/wp\/v2\/users\/18"}],"replies":[{"embeddable":true,"href":"https:\/\/destinationsvinsdeprovence.com\/en\/wp-json\/wp\/v2\/comments?post=19030"}],"version-history":[{"count":6,"href":"https:\/\/destinationsvinsdeprovence.com\/en\/wp-json\/wp\/v2\/pages\/19030\/revisions"}],"predecessor-version":[{"id":28968,"href":"https:\/\/destinationsvinsdeprovence.com\/en\/wp-json\/wp\/v2\/pages\/19030\/revisions\/28968"}],"up":[{"embeddable":true,"href":"https:\/\/destinationsvinsdeprovence.com\/en\/wp-json\/wp\/v2\/pages\/8480"}],"wp:attachment":[{"href":"https:\/\/destinationsvinsdeprovence.com\/en\/wp-json\/wp\/v2\/media?parent=19030"}],"curies":[{"name":"wp","href":"https:\/\/api.w.org\/{rel}","templated":true}]}}