{"id":19031,"date":"2025-06-03T10:28:20","date_gmt":"2025-06-03T08:28:20","guid":{"rendered":"https:\/\/destinationsvinsdeprovence.com\/?page_id=19031"},"modified":"2026-03-02T12:35:45","modified_gmt":"2026-03-02T11:35:45","slug":"marches-en-mediterranee-porte-des-maures","status":"publish","type":"page","link":"https:\/\/destinationsvinsdeprovence.com\/en\/destination-vignobles-de-provence-et-de-mediterranee\/parcourir-vignobles-de-provence-de-mediterranee\/marches-en-mediterranee-porte-des-maures\/","title":{"rendered":"Markets in the Vineyards of Provence &amp; the Mediterranean"},"content":{"rendered":"","protected":false},"excerpt":{"rendered":"","protected":false},"author":18,"featured_media":0,"parent":19272,"menu_order":0,"comment_status":"closed","ping_status":"closed","template":"listing-sit.php","meta":{"_acf_changed":false,"_sitemap_exclude":false,"_sitemap_priority":"","_sitemap_frequency":"","_bb_seo_title":"March\u00e9s en M\u00e9diterran\u00e9e Porte des Maures - Destinations Vins de Provence","_bb_seo_meta_description":"D\u00e9couvrez les march\u00e9s artisanaux et alimentaires en M\u00e9diterran\u00e9e et Porte des Maures. Trouvez les dates et lieux des march\u00e9s proven\u00e7aux de Bormes-les-Mimosas, Lavandou, Collobri\u00e8res, Cuers, Hy\u00e8res, Pierrefeu-du-Var et La Londe-les-Maures. Explorez les \u00e9v\u00e9nements du 1er janvier 2026 au 7 mai 2027.","_bb_seo_share_image_id":0,"_bb_seo_noindex":false,"footnotes":""},"class_list":["post-19031","page","type-page","status-publish","hentry"],"acf":{"cover_surtitre":"Vignobles de Provence & de M\u00e9diterran\u00e9e","cover_title":"Les march\u00e9s","cover_intro":""},"_links":{"self":[{"href":"https:\/\/destinationsvinsdeprovence.com\/en\/wp-json\/wp\/v2\/pages\/19031","targetHints":{"allow":["GET"]}}],"collection":[{"href":"https:\/\/destinationsvinsdeprovence.com\/en\/wp-json\/wp\/v2\/pages"}],"about":[{"href":"https:\/\/destinationsvinsdeprovence.com\/en\/wp-json\/wp\/v2\/types\/page"}],"author":[{"embeddable":true,"href":"https:\/\/destinationsvinsdeprovence.com\/en\/wp-json\/wp\/v2\/users\/18"}],"replies":[{"embeddable":true,"href":"https:\/\/destinationsvinsdeprovence.com\/en\/wp-json\/wp\/v2\/comments?post=19031"}],"version-history":[{"count":12,"href":"https:\/\/destinationsvinsdeprovence.com\/en\/wp-json\/wp\/v2\/pages\/19031\/revisions"}],"predecessor-version":[{"id":28743,"href":"https:\/\/destinationsvinsdeprovence.com\/en\/wp-json\/wp\/v2\/pages\/19031\/revisions\/28743"}],"up":[{"embeddable":true,"href":"https:\/\/destinationsvinsdeprovence.com\/en\/wp-json\/wp\/v2\/pages\/19272"}],"wp:attachment":[{"href":"https:\/\/destinationsvinsdeprovence.com\/en\/wp-json\/wp\/v2\/media?parent=19031"}],"curies":[{"name":"wp","href":"https:\/\/api.w.org\/{rel}","templated":true}]}}