{"id":19053,"date":"2025-06-03T10:47:58","date_gmt":"2025-06-03T08:47:58","guid":{"rendered":"https:\/\/destinationsvinsdeprovence.com\/?page_id=19053"},"modified":"2026-04-07T18:41:30","modified_gmt":"2026-04-07T16:41:30","slug":"les-domaines-de-la-dracenie-provence-verdon","status":"publish","type":"page","link":"https:\/\/destinationsvinsdeprovence.com\/en\/destination-dracenie-provence-verdon\/les-domaines-de-la-dracenie-provence-verdon\/","title":{"rendered":"The estates &amp; cellars of Drac\u00e9nie Provence Verdon"},"content":{"rendered":"","protected":false},"excerpt":{"rendered":"","protected":false},"author":18,"featured_media":0,"parent":8499,"menu_order":0,"comment_status":"closed","ping_status":"closed","template":"listing-sit.php","meta":{"_acf_changed":false,"_sitemap_exclude":false,"_sitemap_priority":"","_sitemap_frequency":"","_bb_seo_title":"Les domaines de la Drac\u00e9nie Provence Verdon - Destinations Vins de Provence","_bb_seo_meta_description":"D\u00e9couvrez les domaines viticoles de la Drac\u00e9nie en Provence-Verdon. Explorez des ch\u00e2teaux prestigieux comme Ch\u00e2teau Les Preyres, Domaine des Sarrins, Ch\u00e2teau de Saint Martin Taradeau et bien d'autres. Trouvez votre domaine de r\u00eave dans le sud de la France.","_bb_seo_share_image_id":0,"_bb_seo_noindex":false,"footnotes":""},"class_list":["post-19053","page","type-page","status-publish","hentry"],"acf":{"cover_surtitre":"","cover_title":"Les domaines et caves de la Drac\u00e9nie Provence Verdon","cover_intro":""},"_links":{"self":[{"href":"https:\/\/destinationsvinsdeprovence.com\/en\/wp-json\/wp\/v2\/pages\/19053","targetHints":{"allow":["GET"]}}],"collection":[{"href":"https:\/\/destinationsvinsdeprovence.com\/en\/wp-json\/wp\/v2\/pages"}],"about":[{"href":"https:\/\/destinationsvinsdeprovence.com\/en\/wp-json\/wp\/v2\/types\/page"}],"author":[{"embeddable":true,"href":"https:\/\/destinationsvinsdeprovence.com\/en\/wp-json\/wp\/v2\/users\/18"}],"replies":[{"embeddable":true,"href":"https:\/\/destinationsvinsdeprovence.com\/en\/wp-json\/wp\/v2\/comments?post=19053"}],"version-history":[{"count":8,"href":"https:\/\/destinationsvinsdeprovence.com\/en\/wp-json\/wp\/v2\/pages\/19053\/revisions"}],"predecessor-version":[{"id":28973,"href":"https:\/\/destinationsvinsdeprovence.com\/en\/wp-json\/wp\/v2\/pages\/19053\/revisions\/28973"}],"up":[{"embeddable":true,"href":"https:\/\/destinationsvinsdeprovence.com\/en\/wp-json\/wp\/v2\/pages\/8499"}],"wp:attachment":[{"href":"https:\/\/destinationsvinsdeprovence.com\/en\/wp-json\/wp\/v2\/media?parent=19053"}],"curies":[{"name":"wp","href":"https:\/\/api.w.org\/{rel}","templated":true}]}}