{"id":19054,"date":"2025-06-03T10:47:18","date_gmt":"2025-06-03T08:47:18","guid":{"rendered":"https:\/\/destinationsvinsdeprovence.com\/?page_id=19054"},"modified":"2025-11-21T18:34:11","modified_gmt":"2025-11-21T17:34:11","slug":"manger-en-dracenie-provence-verdon","status":"publish","type":"page","link":"https:\/\/destinationsvinsdeprovence.com\/en\/destination-dracenie-provence-verdon\/manger-en-dracenie-provence-verdon\/","title":{"rendered":"Eating in Drac\u00e9nie Provence Verdon"},"content":{"rendered":"","protected":false},"excerpt":{"rendered":"","protected":false},"author":18,"featured_media":0,"parent":8499,"menu_order":0,"comment_status":"closed","ping_status":"closed","template":"listing-sit.php","meta":{"_acf_changed":false,"_sitemap_exclude":false,"_sitemap_priority":"","_sitemap_frequency":"","_bb_seo_title":"Manger en Drac\u00e9nie Provence Verdon - Destinations Vins de Provence","_bb_seo_meta_description":"D\u00e9couvrez les meilleurs restaurants et adresses gourmandes en Drac\u00e9nie Provence Verdon. Le Bistrot du Ch\u00e2teau de Berne Flayosc, Le Jardin de Berne Flayosc, La Table de Mentone et bien d'autres. Trouvez votre prochaine escapade culinaire dans le sud de la France.","_bb_seo_share_image_id":0,"_bb_seo_noindex":false,"footnotes":""},"class_list":["post-19054","page","type-page","status-publish","hentry"],"acf":{"cover_surtitre":"Drac\u00e9nie Provence Verdon","cover_title":"D\u00e9jeuner ou d\u00eener","cover_intro":""},"_links":{"self":[{"href":"https:\/\/destinationsvinsdeprovence.com\/en\/wp-json\/wp\/v2\/pages\/19054","targetHints":{"allow":["GET"]}}],"collection":[{"href":"https:\/\/destinationsvinsdeprovence.com\/en\/wp-json\/wp\/v2\/pages"}],"about":[{"href":"https:\/\/destinationsvinsdeprovence.com\/en\/wp-json\/wp\/v2\/types\/page"}],"author":[{"embeddable":true,"href":"https:\/\/destinationsvinsdeprovence.com\/en\/wp-json\/wp\/v2\/users\/18"}],"replies":[{"embeddable":true,"href":"https:\/\/destinationsvinsdeprovence.com\/en\/wp-json\/wp\/v2\/comments?post=19054"}],"version-history":[{"count":3,"href":"https:\/\/destinationsvinsdeprovence.com\/en\/wp-json\/wp\/v2\/pages\/19054\/revisions"}],"predecessor-version":[{"id":25875,"href":"https:\/\/destinationsvinsdeprovence.com\/en\/wp-json\/wp\/v2\/pages\/19054\/revisions\/25875"}],"up":[{"embeddable":true,"href":"https:\/\/destinationsvinsdeprovence.com\/en\/wp-json\/wp\/v2\/pages\/8499"}],"wp:attachment":[{"href":"https:\/\/destinationsvinsdeprovence.com\/en\/wp-json\/wp\/v2\/media?parent=19054"}],"curies":[{"name":"wp","href":"https:\/\/api.w.org\/{rel}","templated":true}]}}