{"id":19055,"date":"2025-06-03T10:45:40","date_gmt":"2025-06-03T08:45:40","guid":{"rendered":"https:\/\/destinationsvinsdeprovence.com\/?page_id=19055"},"modified":"2026-03-02T12:35:16","modified_gmt":"2026-03-02T11:35:16","slug":"marches-de-la-dracenie-provence-verdon","status":"publish","type":"page","link":"https:\/\/destinationsvinsdeprovence.com\/en\/destination-dracenie-provence-verdon\/parcourir-la-dracenie-provence-verdon\/marches-de-la-dracenie-provence-verdon\/","title":{"rendered":"Markets of Drac\u00e9nie Provence Verdon"},"content":{"rendered":"","protected":false},"excerpt":{"rendered":"","protected":false},"author":18,"featured_media":0,"parent":19268,"menu_order":0,"comment_status":"closed","ping_status":"closed","template":"listing-sit.php","meta":{"_acf_changed":false,"_sitemap_exclude":false,"_sitemap_priority":"","_sitemap_frequency":"","_bb_seo_title":"March\u00e9s de la Drac\u00e9nie Provence Verdon - Destinations Vins de Provence","_bb_seo_meta_description":"D\u00e9couvrez les march\u00e9s des producteurs de la Drac\u00e9nie Provence Verdon. Trouvez les informations sur le March\u00e9 des Producteurs \u00e0 Les Arcs sur Argens du 28 mars 2026, du 1er janvier 2026 au 31 d\u00e9cembre 2026. CIVP - Destinations Vins de Provence.","_bb_seo_share_image_id":0,"_bb_seo_noindex":false,"footnotes":""},"class_list":["post-19055","page","type-page","status-publish","hentry"],"acf":{"cover_surtitre":"Drac\u00e9nie Provence Verdon","cover_title":"Les march\u00e9s","cover_intro":""},"_links":{"self":[{"href":"https:\/\/destinationsvinsdeprovence.com\/en\/wp-json\/wp\/v2\/pages\/19055","targetHints":{"allow":["GET"]}}],"collection":[{"href":"https:\/\/destinationsvinsdeprovence.com\/en\/wp-json\/wp\/v2\/pages"}],"about":[{"href":"https:\/\/destinationsvinsdeprovence.com\/en\/wp-json\/wp\/v2\/types\/page"}],"author":[{"embeddable":true,"href":"https:\/\/destinationsvinsdeprovence.com\/en\/wp-json\/wp\/v2\/users\/18"}],"replies":[{"embeddable":true,"href":"https:\/\/destinationsvinsdeprovence.com\/en\/wp-json\/wp\/v2\/comments?post=19055"}],"version-history":[{"count":5,"href":"https:\/\/destinationsvinsdeprovence.com\/en\/wp-json\/wp\/v2\/pages\/19055\/revisions"}],"predecessor-version":[{"id":28735,"href":"https:\/\/destinationsvinsdeprovence.com\/en\/wp-json\/wp\/v2\/pages\/19055\/revisions\/28735"}],"up":[{"embeddable":true,"href":"https:\/\/destinationsvinsdeprovence.com\/en\/wp-json\/wp\/v2\/pages\/19268"}],"wp:attachment":[{"href":"https:\/\/destinationsvinsdeprovence.com\/en\/wp-json\/wp\/v2\/media?parent=19055"}],"curies":[{"name":"wp","href":"https:\/\/api.w.org\/{rel}","templated":true}]}}