{"id":19064,"date":"2025-06-03T10:53:19","date_gmt":"2025-06-03T08:53:19","guid":{"rendered":"https:\/\/destinationsvinsdeprovence.com\/?page_id=19064"},"modified":"2026-01-26T18:04:08","modified_gmt":"2026-01-26T17:04:08","slug":"dormir-en-terre-desterel","status":"publish","type":"page","link":"https:\/\/destinationsvinsdeprovence.com\/en\/destination-terre-desterel\/dormir-en-terre-desterel\/","title":{"rendered":"Sleeping in the Est\u00e9rel region"},"content":{"rendered":"","protected":false},"excerpt":{"rendered":"","protected":false},"author":18,"featured_media":0,"parent":8490,"menu_order":0,"comment_status":"closed","ping_status":"closed","template":"listing-sit.php","meta":{"_acf_changed":false,"_sitemap_exclude":false,"_sitemap_priority":"","_sitemap_frequency":"","_bb_seo_title":"Ch\u00e2teau de Vaucouleurs - Puget-sur-Argens","_bb_seo_meta_description":"D\u00e9couvrez le Ch\u00e2teau de Vaucouleurs Puget-sur-Argens dans la r\u00e9gion de Terre des Terel\u00e9s en Provence. CIVP - Destinations Vins de Provence. R\u00e9sultats : 1 sur 1. Pr\u00e9c\u00e9dent Suivant.","_bb_seo_share_image_id":0,"_bb_seo_noindex":false,"footnotes":""},"class_list":["post-19064","page","type-page","status-publish","hentry"],"acf":{"cover_surtitre":"Terre d'Est\u00e9rel","cover_title":"H\u00e9bergements","cover_intro":""},"_links":{"self":[{"href":"https:\/\/destinationsvinsdeprovence.com\/en\/wp-json\/wp\/v2\/pages\/19064","targetHints":{"allow":["GET"]}}],"collection":[{"href":"https:\/\/destinationsvinsdeprovence.com\/en\/wp-json\/wp\/v2\/pages"}],"about":[{"href":"https:\/\/destinationsvinsdeprovence.com\/en\/wp-json\/wp\/v2\/types\/page"}],"author":[{"embeddable":true,"href":"https:\/\/destinationsvinsdeprovence.com\/en\/wp-json\/wp\/v2\/users\/18"}],"replies":[{"embeddable":true,"href":"https:\/\/destinationsvinsdeprovence.com\/en\/wp-json\/wp\/v2\/comments?post=19064"}],"version-history":[{"count":4,"href":"https:\/\/destinationsvinsdeprovence.com\/en\/wp-json\/wp\/v2\/pages\/19064\/revisions"}],"predecessor-version":[{"id":25893,"href":"https:\/\/destinationsvinsdeprovence.com\/en\/wp-json\/wp\/v2\/pages\/19064\/revisions\/25893"}],"up":[{"embeddable":true,"href":"https:\/\/destinationsvinsdeprovence.com\/en\/wp-json\/wp\/v2\/pages\/8490"}],"wp:attachment":[{"href":"https:\/\/destinationsvinsdeprovence.com\/en\/wp-json\/wp\/v2\/media?parent=19064"}],"curies":[{"name":"wp","href":"https:\/\/api.w.org\/{rel}","templated":true}]}}