{"id":19078,"date":"2025-06-03T10:56:56","date_gmt":"2025-06-03T08:56:56","guid":{"rendered":"https:\/\/destinationsvinsdeprovence.com\/?page_id=19078"},"modified":"2026-01-26T18:03:30","modified_gmt":"2026-01-26T17:03:30","slug":"manger-en-sud-sainte-baume","status":"publish","type":"page","link":"https:\/\/destinationsvinsdeprovence.com\/en\/destination-sud-sainte-baume\/manger-en-sud-sainte-baume\/","title":{"rendered":"Eating in the South Sainte Baume"},"content":{"rendered":"","protected":false},"excerpt":{"rendered":"","protected":false},"author":18,"featured_media":0,"parent":8470,"menu_order":0,"comment_status":"closed","ping_status":"closed","template":"listing-sit.php","meta":{"_acf_changed":false,"_sitemap_exclude":false,"_sitemap_priority":"","_sitemap_frequency":"","_bb_seo_title":"","_bb_seo_meta_description":"Rechercher dans cette zoneAfficher tous les r\u00e9sultats Domaine de la Font des P\u00e8res Le Beausset 1 \u00e0 1 sur 1 r\u00e9sultat(s) Pr\u00e9c\u00e9dent Suivant. D\u00e9couvrez le Domaine de la Font des P\u00e8res \u00e0 Le Beausset, un lieu embl\u00e9matique de la r\u00e9gion Sud de la Provence. Explorez les vins de qualit\u00e9 et les exp\u00e9riences propos\u00e9es par ce domaine prestigieux.","_bb_seo_share_image_id":0,"_bb_seo_noindex":false,"footnotes":""},"class_list":["post-19078","page","type-page","status-publish","hentry"],"acf":{"cover_surtitre":"Sud Sainte Baume","cover_title":"D\u00e9jeuner ou d\u00eener","cover_intro":""},"_links":{"self":[{"href":"https:\/\/destinationsvinsdeprovence.com\/en\/wp-json\/wp\/v2\/pages\/19078","targetHints":{"allow":["GET"]}}],"collection":[{"href":"https:\/\/destinationsvinsdeprovence.com\/en\/wp-json\/wp\/v2\/pages"}],"about":[{"href":"https:\/\/destinationsvinsdeprovence.com\/en\/wp-json\/wp\/v2\/types\/page"}],"author":[{"embeddable":true,"href":"https:\/\/destinationsvinsdeprovence.com\/en\/wp-json\/wp\/v2\/users\/18"}],"replies":[{"embeddable":true,"href":"https:\/\/destinationsvinsdeprovence.com\/en\/wp-json\/wp\/v2\/comments?post=19078"}],"version-history":[{"count":3,"href":"https:\/\/destinationsvinsdeprovence.com\/en\/wp-json\/wp\/v2\/pages\/19078\/revisions"}],"predecessor-version":[{"id":25891,"href":"https:\/\/destinationsvinsdeprovence.com\/en\/wp-json\/wp\/v2\/pages\/19078\/revisions\/25891"}],"up":[{"embeddable":true,"href":"https:\/\/destinationsvinsdeprovence.com\/en\/wp-json\/wp\/v2\/pages\/8470"}],"wp:attachment":[{"href":"https:\/\/destinationsvinsdeprovence.com\/en\/wp-json\/wp\/v2\/media?parent=19078"}],"curies":[{"name":"wp","href":"https:\/\/api.w.org\/{rel}","templated":true}]}}