{"id":19088,"date":"2025-06-03T11:03:30","date_gmt":"2025-06-03T09:03:30","guid":{"rendered":"https:\/\/destinationsvinsdeprovence.com\/?page_id=19088"},"modified":"2025-11-21T18:36:09","modified_gmt":"2025-11-21T17:36:09","slug":"dormir-en-salon-de-provence","status":"publish","type":"page","link":"https:\/\/destinationsvinsdeprovence.com\/en\/destination-salon-de-provence\/dormir-en-salon-de-provence\/","title":{"rendered":"Sleeping in Salon de Provence"},"content":{"rendered":"","protected":false},"excerpt":{"rendered":"","protected":false},"author":18,"featured_media":0,"parent":8465,"menu_order":0,"comment_status":"closed","ping_status":"closed","template":"listing-sit.php","meta":{"_acf_changed":false,"_sitemap_exclude":false,"_sitemap_priority":"","_sitemap_frequency":"","_bb_seo_title":"","_bb_seo_meta_description":"D\u00e9couvrez les h\u00f4tels et g\u00eetes \u00e0 Salon de Provence et dans le Luberon. Trouvez votre h\u00e9bergement id\u00e9al pour un s\u00e9jour gourmand et culturel au c\u0153ur de la Provence. Explorez les offres des producteurs de vin locaux et profitez de votre s\u00e9jour.","_bb_seo_share_image_id":0,"_bb_seo_noindex":false,"footnotes":""},"class_list":["post-19088","page","type-page","status-publish","hentry"],"acf":{"cover_surtitre":"Salon de Provence","cover_title":"H\u00e9bergements","cover_intro":""},"_links":{"self":[{"href":"https:\/\/destinationsvinsdeprovence.com\/en\/wp-json\/wp\/v2\/pages\/19088","targetHints":{"allow":["GET"]}}],"collection":[{"href":"https:\/\/destinationsvinsdeprovence.com\/en\/wp-json\/wp\/v2\/pages"}],"about":[{"href":"https:\/\/destinationsvinsdeprovence.com\/en\/wp-json\/wp\/v2\/types\/page"}],"author":[{"embeddable":true,"href":"https:\/\/destinationsvinsdeprovence.com\/en\/wp-json\/wp\/v2\/users\/18"}],"replies":[{"embeddable":true,"href":"https:\/\/destinationsvinsdeprovence.com\/en\/wp-json\/wp\/v2\/comments?post=19088"}],"version-history":[{"count":3,"href":"https:\/\/destinationsvinsdeprovence.com\/en\/wp-json\/wp\/v2\/pages\/19088\/revisions"}],"predecessor-version":[{"id":25885,"href":"https:\/\/destinationsvinsdeprovence.com\/en\/wp-json\/wp\/v2\/pages\/19088\/revisions\/25885"}],"up":[{"embeddable":true,"href":"https:\/\/destinationsvinsdeprovence.com\/en\/wp-json\/wp\/v2\/pages\/8465"}],"wp:attachment":[{"href":"https:\/\/destinationsvinsdeprovence.com\/en\/wp-json\/wp\/v2\/media?parent=19088"}],"curies":[{"name":"wp","href":"https:\/\/api.w.org\/{rel}","templated":true}]}}