{"id":19091,"date":"2025-06-03T11:01:50","date_gmt":"2025-06-03T09:01:50","guid":{"rendered":"https:\/\/destinationsvinsdeprovence.com\/?page_id=19091"},"modified":"2026-03-02T12:35:21","modified_gmt":"2026-03-02T11:35:21","slug":"marches-autour-de-salon-de-provence","status":"publish","type":"page","link":"https:\/\/destinationsvinsdeprovence.com\/en\/destination-salon-de-provence\/parcourir-autour-de-salon-de-provence\/marches-autour-de-salon-de-provence\/","title":{"rendered":"Markets around Salon de Provence"},"content":{"rendered":"","protected":false},"excerpt":{"rendered":"","protected":false},"author":18,"featured_media":0,"parent":19280,"menu_order":0,"comment_status":"closed","ping_status":"closed","template":"listing-sit.php","meta":{"_acf_changed":false,"_sitemap_exclude":false,"_sitemap_priority":"","_sitemap_frequency":"","_bb_seo_title":"","_bb_seo_meta_description":"D\u00e9couvrez les march\u00e9s de Provence \u00e0 Saint-Chamas, La Fare-les-Oliviers et Lambesc pour l\u2019ann\u00e9e 2026-2027. Trouvez les dates et les informations pratiques pour ces \u00e9v\u00e9nements gourmands et festifs organis\u00e9s par le CIVP.","_bb_seo_share_image_id":0,"_bb_seo_noindex":false,"footnotes":""},"class_list":["post-19091","page","type-page","status-publish","hentry"],"acf":{"cover_surtitre":"Salon de Provence","cover_title":"Les march\u00e9s","cover_intro":""},"_links":{"self":[{"href":"https:\/\/destinationsvinsdeprovence.com\/en\/wp-json\/wp\/v2\/pages\/19091","targetHints":{"allow":["GET"]}}],"collection":[{"href":"https:\/\/destinationsvinsdeprovence.com\/en\/wp-json\/wp\/v2\/pages"}],"about":[{"href":"https:\/\/destinationsvinsdeprovence.com\/en\/wp-json\/wp\/v2\/types\/page"}],"author":[{"embeddable":true,"href":"https:\/\/destinationsvinsdeprovence.com\/en\/wp-json\/wp\/v2\/users\/18"}],"replies":[{"embeddable":true,"href":"https:\/\/destinationsvinsdeprovence.com\/en\/wp-json\/wp\/v2\/comments?post=19091"}],"version-history":[{"count":6,"href":"https:\/\/destinationsvinsdeprovence.com\/en\/wp-json\/wp\/v2\/pages\/19091\/revisions"}],"predecessor-version":[{"id":28736,"href":"https:\/\/destinationsvinsdeprovence.com\/en\/wp-json\/wp\/v2\/pages\/19091\/revisions\/28736"}],"up":[{"embeddable":true,"href":"https:\/\/destinationsvinsdeprovence.com\/en\/wp-json\/wp\/v2\/pages\/19280"}],"wp:attachment":[{"href":"https:\/\/destinationsvinsdeprovence.com\/en\/wp-json\/wp\/v2\/media?parent=19091"}],"curies":[{"name":"wp","href":"https:\/\/api.w.org\/{rel}","templated":true}]}}