{"id":19101,"date":"2025-06-03T11:07:15","date_gmt":"2025-06-03T09:07:15","guid":{"rendered":"https:\/\/destinationsvinsdeprovence.com\/?page_id=19101"},"modified":"2026-04-07T18:42:31","modified_gmt":"2026-04-07T16:42:31","slug":"les-domaines-du-provence-verte-et-verdon","status":"publish","type":"page","link":"https:\/\/destinationsvinsdeprovence.com\/en\/destination-provence-verte-et-verdon\/les-domaines-du-provence-verte-et-verdon\/","title":{"rendered":"The estates &amp; cellars of Provence Verte and Verdon"},"content":{"rendered":"","protected":false},"excerpt":{"rendered":"","protected":false},"author":18,"featured_media":0,"parent":8456,"menu_order":0,"comment_status":"closed","ping_status":"closed","template":"listing-sit.php","meta":{"_acf_changed":false,"_sitemap_exclude":false,"_sitemap_priority":"","_sitemap_frequency":"","_bb_seo_title":"","_bb_seo_meta_description":"D\u00e9couvrez les domaines viticoles du Provence Vert et du Verdon. Explorez les vins de Provence avec le CIVP : Arnaud Saint-Maximin, La Rose des Vents, Domaine de Jacourette, Ch\u00e2teau d'Olli\u00e8res et bien d'autres. Trouvez votre domaine pr\u00e9f\u00e9r\u00e9 et plongez au c\u0153ur de l'appellation.","_bb_seo_share_image_id":0,"_bb_seo_noindex":false,"footnotes":""},"class_list":["post-19101","page","type-page","status-publish","hentry"],"acf":{"cover_surtitre":"","cover_title":"Les domaines et caves de la Provence Verte et Verdon","cover_intro":""},"_links":{"self":[{"href":"https:\/\/destinationsvinsdeprovence.com\/en\/wp-json\/wp\/v2\/pages\/19101","targetHints":{"allow":["GET"]}}],"collection":[{"href":"https:\/\/destinationsvinsdeprovence.com\/en\/wp-json\/wp\/v2\/pages"}],"about":[{"href":"https:\/\/destinationsvinsdeprovence.com\/en\/wp-json\/wp\/v2\/types\/page"}],"author":[{"embeddable":true,"href":"https:\/\/destinationsvinsdeprovence.com\/en\/wp-json\/wp\/v2\/users\/18"}],"replies":[{"embeddable":true,"href":"https:\/\/destinationsvinsdeprovence.com\/en\/wp-json\/wp\/v2\/comments?post=19101"}],"version-history":[{"count":6,"href":"https:\/\/destinationsvinsdeprovence.com\/en\/wp-json\/wp\/v2\/pages\/19101\/revisions"}],"predecessor-version":[{"id":28975,"href":"https:\/\/destinationsvinsdeprovence.com\/en\/wp-json\/wp\/v2\/pages\/19101\/revisions\/28975"}],"up":[{"embeddable":true,"href":"https:\/\/destinationsvinsdeprovence.com\/en\/wp-json\/wp\/v2\/pages\/8456"}],"wp:attachment":[{"href":"https:\/\/destinationsvinsdeprovence.com\/en\/wp-json\/wp\/v2\/media?parent=19101"}],"curies":[{"name":"wp","href":"https:\/\/api.w.org\/{rel}","templated":true}]}}