{"id":19102,"date":"2025-06-03T11:06:39","date_gmt":"2025-06-03T09:06:39","guid":{"rendered":"https:\/\/destinationsvinsdeprovence.com\/?page_id=19102"},"modified":"2025-11-21T18:35:45","modified_gmt":"2025-11-21T17:35:45","slug":"manger-en-provence-verte-et-verdon","status":"publish","type":"page","link":"https:\/\/destinationsvinsdeprovence.com\/en\/destination-provence-verte-et-verdon\/manger-en-provence-verte-et-verdon\/","title":{"rendered":"Manger en Provence Verte et Verdon"},"content":{"rendered":"","protected":false},"excerpt":{"rendered":"","protected":false},"author":18,"featured_media":0,"parent":8456,"menu_order":0,"comment_status":"closed","ping_status":"closed","template":"listing-sit.php","meta":{"_acf_changed":false,"_sitemap_exclude":false,"_sitemap_priority":"","_sitemap_frequency":"","_bb_seo_title":"","_bb_seo_meta_description":"D\u00e9couvrez les sp\u00e9cialit\u00e9s culinaires de la Provence Verte et du Verdon. Des produits locaux aux recettes traditionnelles, plongez au c\u0153ur des saveurs provenzales. Explorez les march\u00e9s, les restaurants et les producteurs de la r\u00e9gion.","_bb_seo_share_image_id":0,"_bb_seo_noindex":false,"footnotes":""},"class_list":["post-19102","page","type-page","status-publish","hentry"],"acf":{"cover_surtitre":"Provence Verte et Verdon","cover_title":"D\u00e9jeuner ou d\u00eener","cover_intro":""},"_links":{"self":[{"href":"https:\/\/destinationsvinsdeprovence.com\/en\/wp-json\/wp\/v2\/pages\/19102","targetHints":{"allow":["GET"]}}],"collection":[{"href":"https:\/\/destinationsvinsdeprovence.com\/en\/wp-json\/wp\/v2\/pages"}],"about":[{"href":"https:\/\/destinationsvinsdeprovence.com\/en\/wp-json\/wp\/v2\/types\/page"}],"author":[{"embeddable":true,"href":"https:\/\/destinationsvinsdeprovence.com\/en\/wp-json\/wp\/v2\/users\/18"}],"replies":[{"embeddable":true,"href":"https:\/\/destinationsvinsdeprovence.com\/en\/wp-json\/wp\/v2\/comments?post=19102"}],"version-history":[{"count":3,"href":"https:\/\/destinationsvinsdeprovence.com\/en\/wp-json\/wp\/v2\/pages\/19102\/revisions"}],"predecessor-version":[{"id":25883,"href":"https:\/\/destinationsvinsdeprovence.com\/en\/wp-json\/wp\/v2\/pages\/19102\/revisions\/25883"}],"up":[{"embeddable":true,"href":"https:\/\/destinationsvinsdeprovence.com\/en\/wp-json\/wp\/v2\/pages\/8456"}],"wp:attachment":[{"href":"https:\/\/destinationsvinsdeprovence.com\/en\/wp-json\/wp\/v2\/media?parent=19102"}],"curies":[{"name":"wp","href":"https:\/\/api.w.org\/{rel}","templated":true}]}}