{"id":19103,"date":"2025-06-03T11:06:09","date_gmt":"2025-06-03T09:06:09","guid":{"rendered":"https:\/\/destinationsvinsdeprovence.com\/?page_id=19103"},"modified":"2026-03-02T12:35:25","modified_gmt":"2026-03-02T11:35:25","slug":"marches-de-provence-verte-et-verdon","status":"publish","type":"page","link":"https:\/\/destinationsvinsdeprovence.com\/en\/destination-provence-verte-et-verdon\/parcourir-la-provence-verte-et-verdon\/marches-de-provence-verte-et-verdon\/","title":{"rendered":"Markets of Provence Verte and Verdon"},"content":{"rendered":"","protected":false},"excerpt":{"rendered":"","protected":false},"author":18,"featured_media":0,"parent":19276,"menu_order":0,"comment_status":"closed","ping_status":"closed","template":"listing-sit.php","meta":{"_acf_changed":false,"_sitemap_exclude":false,"_sitemap_priority":"","_sitemap_frequency":"","_bb_seo_title":"","_bb_seo_meta_description":"D\u00e9couvrez le calendrier des march\u00e9s de Provence Verte et Verdon. Trouvez les dates et lieux des march\u00e9s hebdomadaires et des \u00e9v\u00e9nements sp\u00e9ciaux de janvier 2026 \u00e0 d\u00e9cembre 2026. March\u00e9s du mercredi, jeudi, vendredi, samedi et dimanche dans diff\u00e9rentes villes de Provence. Plus de 140 exposants r\u00e9partis sur 33 march\u00e9s.","_bb_seo_share_image_id":0,"_bb_seo_noindex":false,"footnotes":""},"class_list":["post-19103","page","type-page","status-publish","hentry"],"acf":{"cover_surtitre":"Provence Verte et Verdon","cover_title":"Les march\u00e9s","cover_intro":""},"_links":{"self":[{"href":"https:\/\/destinationsvinsdeprovence.com\/en\/wp-json\/wp\/v2\/pages\/19103","targetHints":{"allow":["GET"]}}],"collection":[{"href":"https:\/\/destinationsvinsdeprovence.com\/en\/wp-json\/wp\/v2\/pages"}],"about":[{"href":"https:\/\/destinationsvinsdeprovence.com\/en\/wp-json\/wp\/v2\/types\/page"}],"author":[{"embeddable":true,"href":"https:\/\/destinationsvinsdeprovence.com\/en\/wp-json\/wp\/v2\/users\/18"}],"replies":[{"embeddable":true,"href":"https:\/\/destinationsvinsdeprovence.com\/en\/wp-json\/wp\/v2\/comments?post=19103"}],"version-history":[{"count":7,"href":"https:\/\/destinationsvinsdeprovence.com\/en\/wp-json\/wp\/v2\/pages\/19103\/revisions"}],"predecessor-version":[{"id":28737,"href":"https:\/\/destinationsvinsdeprovence.com\/en\/wp-json\/wp\/v2\/pages\/19103\/revisions\/28737"}],"up":[{"embeddable":true,"href":"https:\/\/destinationsvinsdeprovence.com\/en\/wp-json\/wp\/v2\/pages\/19276"}],"wp:attachment":[{"href":"https:\/\/destinationsvinsdeprovence.com\/en\/wp-json\/wp\/v2\/media?parent=19103"}],"curies":[{"name":"wp","href":"https:\/\/api.w.org\/{rel}","templated":true}]}}