{"id":19264,"date":"2025-06-10T09:10:31","date_gmt":"2025-06-10T07:10:31","guid":{"rendered":"https:\/\/destinationsvinsdeprovence.com\/?page_id=19264"},"modified":"2026-01-26T17:54:48","modified_gmt":"2026-01-26T16:54:48","slug":"parcourir-le-coeur-du-var","status":"publish","type":"page","link":"https:\/\/destinationsvinsdeprovence.com\/en\/destination-coeur-du-var\/parcourir-le-coeur-du-var\/","title":{"rendered":"Explore the Heart of the Var"},"content":{"rendered":"","protected":false},"excerpt":{"rendered":"","protected":false},"author":18,"featured_media":0,"parent":8451,"menu_order":0,"comment_status":"closed","ping_status":"closed","template":"","meta":{"_acf_changed":false,"_sitemap_exclude":false,"_sitemap_priority":"","_sitemap_frequency":"","_bb_seo_title":"","_bb_seo_meta_description":"D\u00e9couvrez le C\u0153ur du Var, une destination id\u00e9ale pour un week-end entre vignes et nature. Balades, march\u00e9s et incontournables \u00e0 visiter. Explorez le parcours th\u00e9matique et les march\u00e9s locaux du Coeur du Var. Visitez Destinations Vins de Provence.","_bb_seo_share_image_id":0,"_bb_seo_noindex":false,"footnotes":""},"class_list":["post-19264","page","type-page","status-publish","hentry"],"acf":{"cover_surtitre":"Parcourir","cover_title":"","cover_intro":""},"_links":{"self":[{"href":"https:\/\/destinationsvinsdeprovence.com\/en\/wp-json\/wp\/v2\/pages\/19264","targetHints":{"allow":["GET"]}}],"collection":[{"href":"https:\/\/destinationsvinsdeprovence.com\/en\/wp-json\/wp\/v2\/pages"}],"about":[{"href":"https:\/\/destinationsvinsdeprovence.com\/en\/wp-json\/wp\/v2\/types\/page"}],"author":[{"embeddable":true,"href":"https:\/\/destinationsvinsdeprovence.com\/en\/wp-json\/wp\/v2\/users\/18"}],"replies":[{"embeddable":true,"href":"https:\/\/destinationsvinsdeprovence.com\/en\/wp-json\/wp\/v2\/comments?post=19264"}],"version-history":[{"count":15,"href":"https:\/\/destinationsvinsdeprovence.com\/en\/wp-json\/wp\/v2\/pages\/19264\/revisions"}],"predecessor-version":[{"id":28372,"href":"https:\/\/destinationsvinsdeprovence.com\/en\/wp-json\/wp\/v2\/pages\/19264\/revisions\/28372"}],"up":[{"embeddable":true,"href":"https:\/\/destinationsvinsdeprovence.com\/en\/wp-json\/wp\/v2\/pages\/8451"}],"wp:attachment":[{"href":"https:\/\/destinationsvinsdeprovence.com\/en\/wp-json\/wp\/v2\/media?parent=19264"}],"curies":[{"name":"wp","href":"https:\/\/api.w.org\/{rel}","templated":true}]}}