{"id":19272,"date":"2025-06-10T09:28:22","date_gmt":"2025-06-10T07:28:22","guid":{"rendered":"https:\/\/destinationsvinsdeprovence.com\/?page_id=19272"},"modified":"2026-01-26T18:39:29","modified_gmt":"2026-01-26T17:39:29","slug":"parcourir-vignobles-de-provence-de-mediterranee","status":"publish","type":"page","link":"https:\/\/destinationsvinsdeprovence.com\/en\/destination-vignobles-de-provence-et-de-mediterranee\/parcourir-vignobles-de-provence-de-mediterranee\/","title":{"rendered":"Browse &quot;Vineyards of Provence &amp; the Mediterranean&quot;\u00ab"},"content":{"rendered":"","protected":false},"excerpt":{"rendered":"","protected":false},"author":18,"featured_media":0,"parent":8480,"menu_order":0,"comment_status":"closed","ping_status":"closed","template":"","meta":{"_acf_changed":false,"_sitemap_exclude":false,"_sitemap_priority":"","_sitemap_frequency":"","_bb_seo_title":"","_bb_seo_meta_description":"D\u00e9couvrez les incontournables des vignobles de Provence et de M\u00e9diterran\u00e9e avec un week-end gourmand et culturel. Explorez les ros\u00e9s de Provence, visitez les ch\u00e2teaux et d\u00e9couvrez les march\u00e9s locaux. Planifiez votre voyage et profitez de l\u2019OTI La Londe.","_bb_seo_share_image_id":0,"_bb_seo_noindex":false,"footnotes":""},"class_list":["post-19272","page","type-page","status-publish","hentry"],"acf":{"cover_surtitre":"Parcourir","cover_title":"","cover_intro":""},"_links":{"self":[{"href":"https:\/\/destinationsvinsdeprovence.com\/en\/wp-json\/wp\/v2\/pages\/19272","targetHints":{"allow":["GET"]}}],"collection":[{"href":"https:\/\/destinationsvinsdeprovence.com\/en\/wp-json\/wp\/v2\/pages"}],"about":[{"href":"https:\/\/destinationsvinsdeprovence.com\/en\/wp-json\/wp\/v2\/types\/page"}],"author":[{"embeddable":true,"href":"https:\/\/destinationsvinsdeprovence.com\/en\/wp-json\/wp\/v2\/users\/18"}],"replies":[{"embeddable":true,"href":"https:\/\/destinationsvinsdeprovence.com\/en\/wp-json\/wp\/v2\/comments?post=19272"}],"version-history":[{"count":16,"href":"https:\/\/destinationsvinsdeprovence.com\/en\/wp-json\/wp\/v2\/pages\/19272\/revisions"}],"predecessor-version":[{"id":28449,"href":"https:\/\/destinationsvinsdeprovence.com\/en\/wp-json\/wp\/v2\/pages\/19272\/revisions\/28449"}],"up":[{"embeddable":true,"href":"https:\/\/destinationsvinsdeprovence.com\/en\/wp-json\/wp\/v2\/pages\/8480"}],"wp:attachment":[{"href":"https:\/\/destinationsvinsdeprovence.com\/en\/wp-json\/wp\/v2\/media?parent=19272"}],"curies":[{"name":"wp","href":"https:\/\/api.w.org\/{rel}","templated":true}]}}