{"id":20176,"date":"2025-10-03T12:17:49","date_gmt":"2025-10-03T10:17:49","guid":{"rendered":"https:\/\/destinationsvinsdeprovence.com\/?page_id=20176"},"modified":"2026-01-26T18:07:42","modified_gmt":"2026-01-26T17:07:42","slug":"agenda-vignobles-de-provence-de-mediterranee","status":"publish","type":"page","link":"https:\/\/destinationsvinsdeprovence.com\/en\/destination-vignobles-de-provence-et-de-mediterranee\/se-divertir-en-vignobles-de-provence-de-mediterranee\/agenda-vignobles-de-provence-de-mediterranee\/","title":{"rendered":"Provence &amp; Mediterranean Vineyards Calendar"},"content":{"rendered":"","protected":false},"excerpt":{"rendered":"","protected":false},"author":21,"featured_media":0,"parent":19274,"menu_order":0,"comment_status":"closed","ping_status":"closed","template":"listing-sit.php","meta":{"_acf_changed":false,"_sitemap_exclude":false,"_sitemap_priority":"","_sitemap_frequency":"","_bb_seo_title":"","_bb_seo_meta_description":"D\u00e9couvrez l'agenda des visites guid\u00e9es et d\u00e9gustations propos\u00e9es par les vignobles de Provence et de M\u00e9diterran\u00e9e. Visitez le Ch\u00e2teau de Br\u00e9gan\u00e7on, Ch\u00e2teau Les Valentines, Ch\u00e2teau Monastique des Bormettes et bien d'autres. R\u00e9servez votre exp\u00e9rience d\u00e8s maintenant.","_bb_seo_share_image_id":0,"_bb_seo_noindex":false,"footnotes":""},"class_list":["post-20176","page","type-page","status-publish","hentry"],"acf":{"cover_surtitre":"","cover_title":"","cover_intro":""},"_links":{"self":[{"href":"https:\/\/destinationsvinsdeprovence.com\/en\/wp-json\/wp\/v2\/pages\/20176","targetHints":{"allow":["GET"]}}],"collection":[{"href":"https:\/\/destinationsvinsdeprovence.com\/en\/wp-json\/wp\/v2\/pages"}],"about":[{"href":"https:\/\/destinationsvinsdeprovence.com\/en\/wp-json\/wp\/v2\/types\/page"}],"author":[{"embeddable":true,"href":"https:\/\/destinationsvinsdeprovence.com\/en\/wp-json\/wp\/v2\/users\/21"}],"replies":[{"embeddable":true,"href":"https:\/\/destinationsvinsdeprovence.com\/en\/wp-json\/wp\/v2\/comments?post=20176"}],"version-history":[{"count":15,"href":"https:\/\/destinationsvinsdeprovence.com\/en\/wp-json\/wp\/v2\/pages\/20176\/revisions"}],"predecessor-version":[{"id":28433,"href":"https:\/\/destinationsvinsdeprovence.com\/en\/wp-json\/wp\/v2\/pages\/20176\/revisions\/28433"}],"up":[{"embeddable":true,"href":"https:\/\/destinationsvinsdeprovence.com\/en\/wp-json\/wp\/v2\/pages\/19274"}],"wp:attachment":[{"href":"https:\/\/destinationsvinsdeprovence.com\/en\/wp-json\/wp\/v2\/media?parent=20176"}],"curies":[{"name":"wp","href":"https:\/\/api.w.org\/{rel}","templated":true}]}}