{"id":20178,"date":"2025-10-03T12:26:49","date_gmt":"2025-10-03T10:26:49","guid":{"rendered":"https:\/\/destinationsvinsdeprovence.com\/?page_id=20178"},"modified":"2025-11-19T21:32:26","modified_gmt":"2025-11-19T20:32:26","slug":"agenda-pays-daix-en-provence","status":"publish","type":"page","link":"https:\/\/destinationsvinsdeprovence.com\/en\/destination-pays-daix-en-provence\/se-divertir-en-pays-daix-en-provence\/agenda-pays-daix-en-provence\/","title":{"rendered":"Agenda for the Pays d&#039;Aix-en-Provence"},"content":{"rendered":"","protected":false},"excerpt":{"rendered":"","protected":false},"author":21,"featured_media":0,"parent":18560,"menu_order":0,"comment_status":"closed","ping_status":"closed","template":"listing-sit.php","meta":{"_acf_changed":false,"_sitemap_exclude":false,"_sitemap_priority":"","_sitemap_frequency":"","_bb_seo_title":"","_bb_seo_meta_description":"D\u00e9couvrez l'agenda des visites et d\u00e9gustations de vins en Provence. Visitez des domaines, participez \u00e0 des balades dans les vignes, des visites comment\u00e9es et des \u00e9v\u00e9nements culturels \u00e0 Aix-en-Provence, Le Tholonet, Le Puy-Sainte-R\u00e9parade et plus encore. Planifiez votre s\u00e9jour \u0153nologique en Provence.","_bb_seo_share_image_id":0,"_bb_seo_noindex":false,"footnotes":""},"class_list":["post-20178","page","type-page","status-publish","hentry"],"acf":{"cover_surtitre":"","cover_title":"","cover_intro":""},"_links":{"self":[{"href":"https:\/\/destinationsvinsdeprovence.com\/en\/wp-json\/wp\/v2\/pages\/20178","targetHints":{"allow":["GET"]}}],"collection":[{"href":"https:\/\/destinationsvinsdeprovence.com\/en\/wp-json\/wp\/v2\/pages"}],"about":[{"href":"https:\/\/destinationsvinsdeprovence.com\/en\/wp-json\/wp\/v2\/types\/page"}],"author":[{"embeddable":true,"href":"https:\/\/destinationsvinsdeprovence.com\/en\/wp-json\/wp\/v2\/users\/21"}],"replies":[{"embeddable":true,"href":"https:\/\/destinationsvinsdeprovence.com\/en\/wp-json\/wp\/v2\/comments?post=20178"}],"version-history":[{"count":7,"href":"https:\/\/destinationsvinsdeprovence.com\/en\/wp-json\/wp\/v2\/pages\/20178\/revisions"}],"predecessor-version":[{"id":25805,"href":"https:\/\/destinationsvinsdeprovence.com\/en\/wp-json\/wp\/v2\/pages\/20178\/revisions\/25805"}],"up":[{"embeddable":true,"href":"https:\/\/destinationsvinsdeprovence.com\/en\/wp-json\/wp\/v2\/pages\/18560"}],"wp:attachment":[{"href":"https:\/\/destinationsvinsdeprovence.com\/en\/wp-json\/wp\/v2\/media?parent=20178"}],"curies":[{"name":"wp","href":"https:\/\/api.w.org\/{rel}","templated":true}]}}