{"id":20180,"date":"2025-10-03T12:28:41","date_gmt":"2025-10-03T10:28:41","guid":{"rendered":"https:\/\/destinationsvinsdeprovence.com\/?page_id=20180"},"modified":"2026-01-26T18:03:17","modified_gmt":"2026-01-26T17:03:17","slug":"agenda-salon-de-provence-2","status":"publish","type":"page","link":"https:\/\/destinationsvinsdeprovence.com\/en\/destination-salon-de-provence\/se-divertir-en-salon-de-provence\/agenda-salon-de-provence-2\/","title":{"rendered":"Salon de Provence Agenda"},"content":{"rendered":"","protected":false},"excerpt":{"rendered":"","protected":false},"author":21,"featured_media":0,"parent":19282,"menu_order":0,"comment_status":"closed","ping_status":"closed","template":"listing-sit.php","meta":{"_acf_changed":false,"_sitemap_exclude":false,"_sitemap_priority":"","_sitemap_frequency":"","_bb_seo_title":"","_bb_seo_meta_description":"D\u00e9couvrez l'agenda des visites et d\u00e9gustations de vins \u00e0 Salon-de-Provence et ses environs (Lan\u00e7on-Provence, Lambesc). Visites de domaines, parcours p\u00e9destres et wine tours au Ch\u00e2teau de Calavon. R\u00e9servez votre exp\u00e9rience !","_bb_seo_share_image_id":0,"_bb_seo_noindex":false,"footnotes":""},"class_list":["post-20180","page","type-page","status-publish","hentry"],"acf":{"cover_surtitre":"","cover_title":"","cover_intro":""},"_links":{"self":[{"href":"https:\/\/destinationsvinsdeprovence.com\/en\/wp-json\/wp\/v2\/pages\/20180","targetHints":{"allow":["GET"]}}],"collection":[{"href":"https:\/\/destinationsvinsdeprovence.com\/en\/wp-json\/wp\/v2\/pages"}],"about":[{"href":"https:\/\/destinationsvinsdeprovence.com\/en\/wp-json\/wp\/v2\/types\/page"}],"author":[{"embeddable":true,"href":"https:\/\/destinationsvinsdeprovence.com\/en\/wp-json\/wp\/v2\/users\/21"}],"replies":[{"embeddable":true,"href":"https:\/\/destinationsvinsdeprovence.com\/en\/wp-json\/wp\/v2\/comments?post=20180"}],"version-history":[{"count":6,"href":"https:\/\/destinationsvinsdeprovence.com\/en\/wp-json\/wp\/v2\/pages\/20180\/revisions"}],"predecessor-version":[{"id":25818,"href":"https:\/\/destinationsvinsdeprovence.com\/en\/wp-json\/wp\/v2\/pages\/20180\/revisions\/25818"}],"up":[{"embeddable":true,"href":"https:\/\/destinationsvinsdeprovence.com\/en\/wp-json\/wp\/v2\/pages\/19282"}],"wp:attachment":[{"href":"https:\/\/destinationsvinsdeprovence.com\/en\/wp-json\/wp\/v2\/media?parent=20180"}],"curies":[{"name":"wp","href":"https:\/\/api.w.org\/{rel}","templated":true}]}}