{"id":25322,"date":"2025-11-06T12:49:39","date_gmt":"2025-11-06T11:49:39","guid":{"rendered":"https:\/\/destinationsvinsdeprovence.com\/?page_id=25322"},"modified":"2026-03-06T22:19:58","modified_gmt":"2026-03-06T21:19:58","slug":"destination-golfe-de-saint-tropez","status":"publish","type":"page","link":"https:\/\/destinationsvinsdeprovence.com\/en\/destination-golfe-de-saint-tropez\/","title":{"rendered":"Destination \u2192 \u00abGulf of Saint-Tropez\u00bb"},"content":{"rendered":"","protected":false},"excerpt":{"rendered":"","protected":false},"author":21,"featured_media":0,"parent":0,"menu_order":0,"comment_status":"closed","ping_status":"closed","template":"","meta":{"_acf_changed":false,"_sitemap_exclude":false,"_sitemap_priority":"","_sitemap_frequency":"","_bb_seo_title":"","_bb_seo_meta_description":"D\u00e9couvrez le golfe de Saint-Tropez, un territoire viticole embl\u00e9matique avec ses domaines, ses caves et ses paysages exceptionnels. Explorez les AOP C\u00f4tes de Provence, les ros\u00e9s \u00e9l\u00e9gants, les rouges charnus et les blancs lumineux. Week-ends, activit\u00e9s, \u00e9v\u00e9nements gourmands et patrimoine : vivez une exp\u00e9rience \u0153notouristique inoubliable.","_bb_seo_share_image_id":0,"_bb_seo_noindex":false,"footnotes":""},"class_list":["post-25322","page","type-page","status-publish","hentry","private_tags-test"],"acf":{"cover_surtitre":"Golfe de Saint-Tropez","cover_title":"Vignobles d\u2019Exception","cover_intro":"<strong>Le Golfe de Saint-Tropez se d\u00e9guste autant qu\u2019il se contemple.<\/strong>\r\n\r\n<i><span style=\"font-weight: 400;\">Sous le soleil \u00e9clatant de la M\u00e9diterran\u00e9e, l\u00e0 o\u00f9 les collines se jettent dans la mer et les vignes s\u2019\u00e9tendent comme des jardins secrets, le golfe de Saint-Tropez d\u00e9voile une facette m\u00e9connue de son art de vivre : celle d\u2019un terroir d\u2019exception. Ici, l\u2019\u0153notourisme se pare de raffinement, de nature pr\u00e9serv\u00e9e et d\u2019histoires enracin\u00e9es. Entre plages mythiques et villages perch\u00e9s, partez \u00e0 la rencontre d\u2019un vignoble qui conjugue tradition, biodiversit\u00e9 et transmission du savoir-faire.<\/span><\/i>"},"_links":{"self":[{"href":"https:\/\/destinationsvinsdeprovence.com\/en\/wp-json\/wp\/v2\/pages\/25322","targetHints":{"allow":["GET"]}}],"collection":[{"href":"https:\/\/destinationsvinsdeprovence.com\/en\/wp-json\/wp\/v2\/pages"}],"about":[{"href":"https:\/\/destinationsvinsdeprovence.com\/en\/wp-json\/wp\/v2\/types\/page"}],"author":[{"embeddable":true,"href":"https:\/\/destinationsvinsdeprovence.com\/en\/wp-json\/wp\/v2\/users\/21"}],"replies":[{"embeddable":true,"href":"https:\/\/destinationsvinsdeprovence.com\/en\/wp-json\/wp\/v2\/comments?post=25322"}],"version-history":[{"count":15,"href":"https:\/\/destinationsvinsdeprovence.com\/en\/wp-json\/wp\/v2\/pages\/25322\/revisions"}],"predecessor-version":[{"id":28796,"href":"https:\/\/destinationsvinsdeprovence.com\/en\/wp-json\/wp\/v2\/pages\/25322\/revisions\/28796"}],"wp:attachment":[{"href":"https:\/\/destinationsvinsdeprovence.com\/en\/wp-json\/wp\/v2\/media?parent=25322"}],"curies":[{"name":"wp","href":"https:\/\/api.w.org\/{rel}","templated":true}]}}