{"id":25323,"date":"2025-11-06T12:50:01","date_gmt":"2025-11-06T11:50:01","guid":{"rendered":"https:\/\/destinationsvinsdeprovence.com\/?page_id=25323"},"modified":"2026-01-26T18:06:54","modified_gmt":"2026-01-26T17:06:54","slug":"dormir-en-golfe-de-saint-tropez","status":"publish","type":"page","link":"https:\/\/destinationsvinsdeprovence.com\/en\/destination-golfe-de-saint-tropez\/dormir-en-golfe-de-saint-tropez\/","title":{"rendered":"Sleeping in the Gulf of Saint-Tropez"},"content":{"rendered":"","protected":false},"excerpt":{"rendered":"","protected":false},"author":21,"featured_media":0,"parent":25322,"menu_order":0,"comment_status":"closed","ping_status":"closed","template":"listing-sit.php","meta":{"_acf_changed":false,"_sitemap_exclude":false,"_sitemap_priority":"","_sitemap_frequency":"","_bb_seo_title":"","_bb_seo_meta_description":"D\u00e9couvrez les meilleurs campings dans le Golfe de Saint-Tropez : Camping Yelloh! Village Les Tournels \u00e0 Ramatuelle, H\u00f4tel La Garde-Freinet, G\u00eete La Magnanerie \u00e0 Cogolin, G\u00eete La Maison des Oliviers \u00e0 Cogolin, Camping de La Matarane \u00e0 Ramatuelle, G\u00eete \"Le Cabanon des Vignes\" \u00e0 La Mole, G\u00eete au Domaine de Siouvette \"Le Pigeonnier\" \u00e0 La Mole et Clos M","_bb_seo_share_image_id":0,"_bb_seo_noindex":false,"footnotes":""},"class_list":["post-25323","page","type-page","status-publish","hentry"],"acf":{"cover_surtitre":"Golfe de Saint-Tropez","cover_title":"H\u00e9bergements","cover_intro":""},"_links":{"self":[{"href":"https:\/\/destinationsvinsdeprovence.com\/en\/wp-json\/wp\/v2\/pages\/25323","targetHints":{"allow":["GET"]}}],"collection":[{"href":"https:\/\/destinationsvinsdeprovence.com\/en\/wp-json\/wp\/v2\/pages"}],"about":[{"href":"https:\/\/destinationsvinsdeprovence.com\/en\/wp-json\/wp\/v2\/types\/page"}],"author":[{"embeddable":true,"href":"https:\/\/destinationsvinsdeprovence.com\/en\/wp-json\/wp\/v2\/users\/21"}],"replies":[{"embeddable":true,"href":"https:\/\/destinationsvinsdeprovence.com\/en\/wp-json\/wp\/v2\/comments?post=25323"}],"version-history":[{"count":12,"href":"https:\/\/destinationsvinsdeprovence.com\/en\/wp-json\/wp\/v2\/pages\/25323\/revisions"}],"predecessor-version":[{"id":28420,"href":"https:\/\/destinationsvinsdeprovence.com\/en\/wp-json\/wp\/v2\/pages\/25323\/revisions\/28420"}],"up":[{"embeddable":true,"href":"https:\/\/destinationsvinsdeprovence.com\/en\/wp-json\/wp\/v2\/pages\/25322"}],"wp:attachment":[{"href":"https:\/\/destinationsvinsdeprovence.com\/en\/wp-json\/wp\/v2\/media?parent=25323"}],"curies":[{"name":"wp","href":"https:\/\/api.w.org\/{rel}","templated":true}]}}