{"id":25324,"date":"2025-11-06T12:50:17","date_gmt":"2025-11-06T11:50:17","guid":{"rendered":"https:\/\/destinationsvinsdeprovence.com\/?page_id=25324"},"modified":"2026-03-06T21:29:16","modified_gmt":"2026-03-06T20:29:16","slug":"parcourir-golfe-de-saint-tropez","status":"publish","type":"page","link":"https:\/\/destinationsvinsdeprovence.com\/en\/destination-golfe-de-saint-tropez\/parcourir-golfe-de-saint-tropez\/","title":{"rendered":"Explore the &quot;Gulf of Saint-Tropez&quot;\u00ab"},"content":{"rendered":"","protected":false},"excerpt":{"rendered":"","protected":false},"author":21,"featured_media":0,"parent":25322,"menu_order":0,"comment_status":"closed","ping_status":"closed","template":"","meta":{"_acf_changed":false,"_sitemap_exclude":false,"_sitemap_priority":"","_sitemap_frequency":"","_bb_seo_title":"","_bb_seo_meta_description":"D\u00e9couvrez un week-end inoubliable dans le Golfe de Saint-Tropez. Explorez les vignobles exceptionnels, les march\u00e9s locaux et les incontournables de la r\u00e9gion. Une escapade entre nature, mer et lumi\u00e8re dans le sud de la France.","_bb_seo_share_image_id":0,"_bb_seo_noindex":false,"footnotes":""},"class_list":["post-25324","page","type-page","status-publish","hentry"],"acf":{"cover_surtitre":"Parcourir le","cover_title":"","cover_intro":""},"_links":{"self":[{"href":"https:\/\/destinationsvinsdeprovence.com\/en\/wp-json\/wp\/v2\/pages\/25324","targetHints":{"allow":["GET"]}}],"collection":[{"href":"https:\/\/destinationsvinsdeprovence.com\/en\/wp-json\/wp\/v2\/pages"}],"about":[{"href":"https:\/\/destinationsvinsdeprovence.com\/en\/wp-json\/wp\/v2\/types\/page"}],"author":[{"embeddable":true,"href":"https:\/\/destinationsvinsdeprovence.com\/en\/wp-json\/wp\/v2\/users\/21"}],"replies":[{"embeddable":true,"href":"https:\/\/destinationsvinsdeprovence.com\/en\/wp-json\/wp\/v2\/comments?post=25324"}],"version-history":[{"count":11,"href":"https:\/\/destinationsvinsdeprovence.com\/en\/wp-json\/wp\/v2\/pages\/25324\/revisions"}],"predecessor-version":[{"id":28788,"href":"https:\/\/destinationsvinsdeprovence.com\/en\/wp-json\/wp\/v2\/pages\/25324\/revisions\/28788"}],"up":[{"embeddable":true,"href":"https:\/\/destinationsvinsdeprovence.com\/en\/wp-json\/wp\/v2\/pages\/25322"}],"wp:attachment":[{"href":"https:\/\/destinationsvinsdeprovence.com\/en\/wp-json\/wp\/v2\/media?parent=25324"}],"curies":[{"name":"wp","href":"https:\/\/api.w.org\/{rel}","templated":true}]}}