{"id":25326,"date":"2025-11-06T12:50:09","date_gmt":"2025-11-06T11:50:09","guid":{"rendered":"https:\/\/destinationsvinsdeprovence.com\/?page_id=25326"},"modified":"2026-03-02T12:35:42","modified_gmt":"2026-03-02T11:35:42","slug":"marches-en-golfe-de-saint-tropez","status":"publish","type":"page","link":"https:\/\/destinationsvinsdeprovence.com\/en\/destination-golfe-de-saint-tropez\/parcourir-golfe-de-saint-tropez\/marches-en-golfe-de-saint-tropez\/","title":{"rendered":"Markets in the Gulf of Saint-Tropez"},"content":{"rendered":"","protected":false},"excerpt":{"rendered":"","protected":false},"author":21,"featured_media":0,"parent":25324,"menu_order":0,"comment_status":"closed","ping_status":"closed","template":"listing-sit.php","meta":{"_acf_changed":false,"_sitemap_exclude":false,"_sitemap_priority":"","_sitemap_frequency":"","_bb_seo_title":"","_bb_seo_meta_description":"D\u00e9couvrez les march\u00e9s provenaux hebdomadaires et les march\u00e9s aux poissons de Saint-Tropez et ses environs. Trouvez les dates et lieux des march\u00e9s de Cogolin, Sainte-Maxime, Ramatuelle, Grimaud et Saint-Tropez du 01 janvier 2026 au 31 d\u00e9cembre 2030. Civp.","_bb_seo_share_image_id":0,"_bb_seo_noindex":false,"footnotes":""},"class_list":["post-25326","page","type-page","status-publish","hentry"],"acf":{"cover_surtitre":"Golfe de Saint-Tropez","cover_title":"Les march\u00e9s","cover_intro":""},"_links":{"self":[{"href":"https:\/\/destinationsvinsdeprovence.com\/en\/wp-json\/wp\/v2\/pages\/25326","targetHints":{"allow":["GET"]}}],"collection":[{"href":"https:\/\/destinationsvinsdeprovence.com\/en\/wp-json\/wp\/v2\/pages"}],"about":[{"href":"https:\/\/destinationsvinsdeprovence.com\/en\/wp-json\/wp\/v2\/types\/page"}],"author":[{"embeddable":true,"href":"https:\/\/destinationsvinsdeprovence.com\/en\/wp-json\/wp\/v2\/users\/21"}],"replies":[{"embeddable":true,"href":"https:\/\/destinationsvinsdeprovence.com\/en\/wp-json\/wp\/v2\/comments?post=25326"}],"version-history":[{"count":11,"href":"https:\/\/destinationsvinsdeprovence.com\/en\/wp-json\/wp\/v2\/pages\/25326\/revisions"}],"predecessor-version":[{"id":28742,"href":"https:\/\/destinationsvinsdeprovence.com\/en\/wp-json\/wp\/v2\/pages\/25326\/revisions\/28742"}],"up":[{"embeddable":true,"href":"https:\/\/destinationsvinsdeprovence.com\/en\/wp-json\/wp\/v2\/pages\/25324"}],"wp:attachment":[{"href":"https:\/\/destinationsvinsdeprovence.com\/en\/wp-json\/wp\/v2\/media?parent=25326"}],"curies":[{"name":"wp","href":"https:\/\/api.w.org\/{rel}","templated":true}]}}