{"id":25329,"date":"2025-11-06T12:50:24","date_gmt":"2025-11-06T11:50:24","guid":{"rendered":"https:\/\/destinationsvinsdeprovence.com\/?page_id=25329"},"modified":"2026-01-26T18:07:05","modified_gmt":"2026-01-26T17:07:05","slug":"manger-en-golfe-de-saint-tropez","status":"publish","type":"page","link":"https:\/\/destinationsvinsdeprovence.com\/en\/destination-golfe-de-saint-tropez\/manger-en-golfe-de-saint-tropez\/","title":{"rendered":"Dining in the Gulf of Saint-Tropez"},"content":{"rendered":"","protected":false},"excerpt":{"rendered":"","protected":false},"author":21,"featured_media":0,"parent":25322,"menu_order":0,"comment_status":"closed","ping_status":"closed","template":"listing-sit.php","meta":{"_acf_changed":false,"_sitemap_exclude":false,"_sitemap_priority":"","_sitemap_frequency":"","_bb_seo_title":"","_bb_seo_meta_description":"D\u00e9couvrez les meilleurs restaurants et rooftops du Golfe de Saint-Tropez : La Garde-Freinet, Mirages \u00e0 la plage, Rayol-Canadel-sur-Mer. 1 \u00e0 2 r\u00e9sultats sur 2. Trouvez l'adresse et les informations pratiques pour vos repas en Provence.","_bb_seo_share_image_id":0,"_bb_seo_noindex":false,"footnotes":""},"class_list":["post-25329","page","type-page","status-publish","hentry"],"acf":{"cover_surtitre":"M\u00e9diterran\u00e9e Porte des Maures","cover_title":"D\u00e9jeuner ou d\u00eener","cover_intro":""},"_links":{"self":[{"href":"https:\/\/destinationsvinsdeprovence.com\/en\/wp-json\/wp\/v2\/pages\/25329","targetHints":{"allow":["GET"]}}],"collection":[{"href":"https:\/\/destinationsvinsdeprovence.com\/en\/wp-json\/wp\/v2\/pages"}],"about":[{"href":"https:\/\/destinationsvinsdeprovence.com\/en\/wp-json\/wp\/v2\/types\/page"}],"author":[{"embeddable":true,"href":"https:\/\/destinationsvinsdeprovence.com\/en\/wp-json\/wp\/v2\/users\/21"}],"replies":[{"embeddable":true,"href":"https:\/\/destinationsvinsdeprovence.com\/en\/wp-json\/wp\/v2\/comments?post=25329"}],"version-history":[{"count":6,"href":"https:\/\/destinationsvinsdeprovence.com\/en\/wp-json\/wp\/v2\/pages\/25329\/revisions"}],"predecessor-version":[{"id":28423,"href":"https:\/\/destinationsvinsdeprovence.com\/en\/wp-json\/wp\/v2\/pages\/25329\/revisions\/28423"}],"up":[{"embeddable":true,"href":"https:\/\/destinationsvinsdeprovence.com\/en\/wp-json\/wp\/v2\/pages\/25322"}],"wp:attachment":[{"href":"https:\/\/destinationsvinsdeprovence.com\/en\/wp-json\/wp\/v2\/media?parent=25329"}],"curies":[{"name":"wp","href":"https:\/\/api.w.org\/{rel}","templated":true}]}}