{"id":25330,"date":"2025-11-06T12:50:34","date_gmt":"2025-11-06T11:50:34","guid":{"rendered":"https:\/\/destinationsvinsdeprovence.com\/?page_id=25330"},"modified":"2026-01-26T17:52:38","modified_gmt":"2026-01-26T16:52:38","slug":"se-divertir-en-golfe-de-saint-tropez","status":"publish","type":"page","link":"https:\/\/destinationsvinsdeprovence.com\/en\/destination-golfe-de-saint-tropez\/se-divertir-en-golfe-de-saint-tropez\/","title":{"rendered":"Having fun in the &quot;Gulf of Saint-Tropez&quot;\u00ab"},"content":{"rendered":"","protected":false},"excerpt":{"rendered":"","protected":false},"author":21,"featured_media":0,"parent":25322,"menu_order":0,"comment_status":"closed","ping_status":"closed","template":"","meta":{"_acf_changed":false,"_sitemap_exclude":false,"_sitemap_priority":"","_sitemap_frequency":"","_bb_seo_title":"","_bb_seo_meta_description":"D\u00e9couvrez l'agenda des \u00e9v\u00e9nements dans les vignobles de Provence et de M\u00e9diterran\u00e9e. Trouvez des activit\u00e9s, des visites, des d\u00e9gustations et bien plus encore dans les r\u00e9gions viticoles. CIVP.","_bb_seo_share_image_id":0,"_bb_seo_noindex":false,"footnotes":""},"class_list":["post-25330","page","type-page","status-publish","hentry"],"acf":{"cover_surtitre":"","cover_title":"","cover_intro":""},"_links":{"self":[{"href":"https:\/\/destinationsvinsdeprovence.com\/en\/wp-json\/wp\/v2\/pages\/25330","targetHints":{"allow":["GET"]}}],"collection":[{"href":"https:\/\/destinationsvinsdeprovence.com\/en\/wp-json\/wp\/v2\/pages"}],"about":[{"href":"https:\/\/destinationsvinsdeprovence.com\/en\/wp-json\/wp\/v2\/types\/page"}],"author":[{"embeddable":true,"href":"https:\/\/destinationsvinsdeprovence.com\/en\/wp-json\/wp\/v2\/users\/21"}],"replies":[{"embeddable":true,"href":"https:\/\/destinationsvinsdeprovence.com\/en\/wp-json\/wp\/v2\/comments?post=25330"}],"version-history":[{"count":4,"href":"https:\/\/destinationsvinsdeprovence.com\/en\/wp-json\/wp\/v2\/pages\/25330\/revisions"}],"predecessor-version":[{"id":28364,"href":"https:\/\/destinationsvinsdeprovence.com\/en\/wp-json\/wp\/v2\/pages\/25330\/revisions\/28364"}],"up":[{"embeddable":true,"href":"https:\/\/destinationsvinsdeprovence.com\/en\/wp-json\/wp\/v2\/pages\/25322"}],"wp:attachment":[{"href":"https:\/\/destinationsvinsdeprovence.com\/en\/wp-json\/wp\/v2\/media?parent=25330"}],"curies":[{"name":"wp","href":"https:\/\/api.w.org\/{rel}","templated":true}]}}