{"id":25332,"date":"2025-11-06T12:50:30","date_gmt":"2025-11-06T11:50:30","guid":{"rendered":"https:\/\/destinationsvinsdeprovence.com\/?page_id=25332"},"modified":"2026-01-26T18:07:17","modified_gmt":"2026-01-26T17:07:17","slug":"agenda-golfe-de-saint-tropez","status":"publish","type":"page","link":"https:\/\/destinationsvinsdeprovence.com\/en\/destination-golfe-de-saint-tropez\/se-divertir-en-golfe-de-saint-tropez\/agenda-golfe-de-saint-tropez\/","title":{"rendered":"Saint-Tropez Gulf Agenda"},"content":{"rendered":"","protected":false},"excerpt":{"rendered":"","protected":false},"author":21,"featured_media":0,"parent":25330,"menu_order":0,"comment_status":"closed","ping_status":"closed","template":"listing-sit.php","meta":{"_acf_changed":false,"_sitemap_exclude":false,"_sitemap_priority":"","_sitemap_frequency":"","_bb_seo_title":"","_bb_seo_meta_description":"D\u00e9couvrez l'agenda des \u00e9v\u00e9nements \u00e0 venir dans le Golfe de Saint-Tropez : march\u00e9s, d\u00e9gustations, chasses aux \u0153ufs et festivals. Trouvez les dates et lieux des \u00e9v\u00e9nements du 1er janvier 2026 au 31 d\u00e9cembre 2026 \u00e0 Ramatuelle, Gassin, Sainte-Maxime et ailleurs. Le CIVP vous propose un calendrier complet pour profiter pleinement de votre s\u00e9jour.","_bb_seo_share_image_id":0,"_bb_seo_noindex":false,"footnotes":""},"class_list":["post-25332","page","type-page","status-publish","hentry"],"acf":{"cover_surtitre":"","cover_title":"","cover_intro":""},"_links":{"self":[{"href":"https:\/\/destinationsvinsdeprovence.com\/en\/wp-json\/wp\/v2\/pages\/25332","targetHints":{"allow":["GET"]}}],"collection":[{"href":"https:\/\/destinationsvinsdeprovence.com\/en\/wp-json\/wp\/v2\/pages"}],"about":[{"href":"https:\/\/destinationsvinsdeprovence.com\/en\/wp-json\/wp\/v2\/types\/page"}],"author":[{"embeddable":true,"href":"https:\/\/destinationsvinsdeprovence.com\/en\/wp-json\/wp\/v2\/users\/21"}],"replies":[{"embeddable":true,"href":"https:\/\/destinationsvinsdeprovence.com\/en\/wp-json\/wp\/v2\/comments?post=25332"}],"version-history":[{"count":6,"href":"https:\/\/destinationsvinsdeprovence.com\/en\/wp-json\/wp\/v2\/pages\/25332\/revisions"}],"predecessor-version":[{"id":28426,"href":"https:\/\/destinationsvinsdeprovence.com\/en\/wp-json\/wp\/v2\/pages\/25332\/revisions\/28426"}],"up":[{"embeddable":true,"href":"https:\/\/destinationsvinsdeprovence.com\/en\/wp-json\/wp\/v2\/pages\/25330"}],"wp:attachment":[{"href":"https:\/\/destinationsvinsdeprovence.com\/en\/wp-json\/wp\/v2\/media?parent=25332"}],"curies":[{"name":"wp","href":"https:\/\/api.w.org\/{rel}","templated":true}]}}