{"id":25724,"date":"2025-11-19T15:43:13","date_gmt":"2025-11-19T14:43:13","guid":{"rendered":"https:\/\/destinationsvinsdeprovence.com\/?page_id=25724"},"modified":"2025-12-19T15:25:14","modified_gmt":"2025-12-19T14:25:14","slug":"location-de-salles-en-dracenie-provence-verdon","status":"publish","type":"page","link":"https:\/\/destinationsvinsdeprovence.com\/en\/destination-dracenie-provence-verdon\/location-de-salles-en-dracenie-provence-verdon\/","title":{"rendered":"Venue rental in &quot;Drac\u00e9nie Provence Verdon&quot;\u00ab"},"content":{"rendered":"","protected":false},"excerpt":{"rendered":"","protected":false},"author":21,"featured_media":0,"parent":8499,"menu_order":0,"comment_status":"closed","ping_status":"closed","template":"listing-sit.php","meta":{"_acf_changed":false,"_sitemap_exclude":false,"_sitemap_priority":"","_sitemap_frequency":"","_bb_seo_title":"","_bb_seo_meta_description":"D\u00e9couvrez les meilleures caves et domaines viticoles de Provence, notamment Maison des Vins C\u00f4tes de Provence, Domaine Bastide du Plan, Ch\u00e2teau du Rou\u00ebt, Ch\u00e2teau Clarettes et bien d'autres. Trouvez les lieux de production et de d\u00e9gustation dans la Drac\u00e9nie, le Vaucluse et la C\u00f4te d'Azur. 12 r\u00e9sultats disponibles.","_bb_seo_share_image_id":0,"_bb_seo_noindex":false,"footnotes":""},"class_list":["post-25724","page","type-page","status-publish","hentry"],"acf":{"cover_surtitre":"","cover_title":"","cover_intro":""},"_links":{"self":[{"href":"https:\/\/destinationsvinsdeprovence.com\/en\/wp-json\/wp\/v2\/pages\/25724","targetHints":{"allow":["GET"]}}],"collection":[{"href":"https:\/\/destinationsvinsdeprovence.com\/en\/wp-json\/wp\/v2\/pages"}],"about":[{"href":"https:\/\/destinationsvinsdeprovence.com\/en\/wp-json\/wp\/v2\/types\/page"}],"author":[{"embeddable":true,"href":"https:\/\/destinationsvinsdeprovence.com\/en\/wp-json\/wp\/v2\/users\/21"}],"replies":[{"embeddable":true,"href":"https:\/\/destinationsvinsdeprovence.com\/en\/wp-json\/wp\/v2\/comments?post=25724"}],"version-history":[{"count":5,"href":"https:\/\/destinationsvinsdeprovence.com\/en\/wp-json\/wp\/v2\/pages\/25724\/revisions"}],"predecessor-version":[{"id":28066,"href":"https:\/\/destinationsvinsdeprovence.com\/en\/wp-json\/wp\/v2\/pages\/25724\/revisions\/28066"}],"up":[{"embeddable":true,"href":"https:\/\/destinationsvinsdeprovence.com\/en\/wp-json\/wp\/v2\/pages\/8499"}],"wp:attachment":[{"href":"https:\/\/destinationsvinsdeprovence.com\/en\/wp-json\/wp\/v2\/media?parent=25724"}],"curies":[{"name":"wp","href":"https:\/\/api.w.org\/{rel}","templated":true}]}}