{"id":25728,"date":"2025-11-19T15:44:49","date_gmt":"2025-11-19T14:44:49","guid":{"rendered":"https:\/\/destinationsvinsdeprovence.com\/?page_id=25728"},"modified":"2025-12-19T15:25:20","modified_gmt":"2025-12-19T14:25:20","slug":"location-de-salles-en-provence-verte-et-verdon","status":"publish","type":"page","link":"https:\/\/destinationsvinsdeprovence.com\/en\/destination-provence-verte-et-verdon\/location-de-salles-en-provence-verte-et-verdon\/","title":{"rendered":"Venue rental in &quot;Green Provence and Verdon&quot;\u00ab"},"content":{"rendered":"","protected":false},"excerpt":{"rendered":"","protected":false},"author":21,"featured_media":0,"parent":8456,"menu_order":0,"comment_status":"closed","ping_status":"closed","template":"listing-sit.php","meta":{"_acf_changed":false,"_sitemap_exclude":false,"_sitemap_priority":"","_sitemap_frequency":"","_bb_seo_title":"","_bb_seo_meta_description":"Explorez les salles de r\u00e9ception en Provence Verte et Verdon. D\u00e9couvrez Ch\u00e2teau l'Escarelle, Ch\u00e2teau Sainte Croix, Carc\u00e8s, Les Terres de Saint Hilaire, Olli\u00e8res et Bastide Saint Julien. Trouvez votre salle pour un \u00e9v\u00e9nement inoubliable.","_bb_seo_share_image_id":0,"_bb_seo_noindex":false,"footnotes":""},"class_list":["post-25728","page","type-page","status-publish","hentry"],"acf":{"cover_surtitre":"","cover_title":"","cover_intro":""},"_links":{"self":[{"href":"https:\/\/destinationsvinsdeprovence.com\/en\/wp-json\/wp\/v2\/pages\/25728","targetHints":{"allow":["GET"]}}],"collection":[{"href":"https:\/\/destinationsvinsdeprovence.com\/en\/wp-json\/wp\/v2\/pages"}],"about":[{"href":"https:\/\/destinationsvinsdeprovence.com\/en\/wp-json\/wp\/v2\/types\/page"}],"author":[{"embeddable":true,"href":"https:\/\/destinationsvinsdeprovence.com\/en\/wp-json\/wp\/v2\/users\/21"}],"replies":[{"embeddable":true,"href":"https:\/\/destinationsvinsdeprovence.com\/en\/wp-json\/wp\/v2\/comments?post=25728"}],"version-history":[{"count":5,"href":"https:\/\/destinationsvinsdeprovence.com\/en\/wp-json\/wp\/v2\/pages\/25728\/revisions"}],"predecessor-version":[{"id":28068,"href":"https:\/\/destinationsvinsdeprovence.com\/en\/wp-json\/wp\/v2\/pages\/25728\/revisions\/28068"}],"up":[{"embeddable":true,"href":"https:\/\/destinationsvinsdeprovence.com\/en\/wp-json\/wp\/v2\/pages\/8456"}],"wp:attachment":[{"href":"https:\/\/destinationsvinsdeprovence.com\/en\/wp-json\/wp\/v2\/media?parent=25728"}],"curies":[{"name":"wp","href":"https:\/\/api.w.org\/{rel}","templated":true}]}}