{"id":25730,"date":"2025-11-19T15:45:27","date_gmt":"2025-11-19T14:45:27","guid":{"rendered":"https:\/\/destinationsvinsdeprovence.com\/?page_id=25730"},"modified":"2025-12-19T15:25:23","modified_gmt":"2025-12-19T14:25:23","slug":"location-de-salles-en-salon-de-provence","status":"publish","type":"page","link":"https:\/\/destinationsvinsdeprovence.com\/en\/destination-salon-de-provence\/location-de-salles-en-salon-de-provence\/","title":{"rendered":"Location de salles en \u00ab\u00a0Salon de Provence\u00a0\u00bb"},"content":{"rendered":"","protected":false},"excerpt":{"rendered":"","protected":false},"author":21,"featured_media":0,"parent":8465,"menu_order":0,"comment_status":"closed","ping_status":"closed","template":"listing-sit.php","meta":{"_acf_changed":false,"_sitemap_exclude":false,"_sitemap_priority":"","_sitemap_frequency":"","_bb_seo_title":"","_bb_seo_meta_description":"D\u00e9couvrez les ch\u00e2teaux et domaines viticoles de Provence gr\u00e2ce au CIVP. Explorez des lieux embl\u00e9matiques comme Ch\u00e2teau Saint-Hilaire Coudoux, Ch\u00e2teau Calissanne Lan\u00e7on-Provence et Ch\u00e2teau de Calavon Lambesc. Trouvez votre destination id\u00e9ale pour une exp\u00e9rience inoubliable.","_bb_seo_share_image_id":0,"_bb_seo_noindex":false,"footnotes":""},"class_list":["post-25730","page","type-page","status-publish","hentry"],"acf":{"cover_surtitre":"","cover_title":"","cover_intro":""},"_links":{"self":[{"href":"https:\/\/destinationsvinsdeprovence.com\/en\/wp-json\/wp\/v2\/pages\/25730","targetHints":{"allow":["GET"]}}],"collection":[{"href":"https:\/\/destinationsvinsdeprovence.com\/en\/wp-json\/wp\/v2\/pages"}],"about":[{"href":"https:\/\/destinationsvinsdeprovence.com\/en\/wp-json\/wp\/v2\/types\/page"}],"author":[{"embeddable":true,"href":"https:\/\/destinationsvinsdeprovence.com\/en\/wp-json\/wp\/v2\/users\/21"}],"replies":[{"embeddable":true,"href":"https:\/\/destinationsvinsdeprovence.com\/en\/wp-json\/wp\/v2\/comments?post=25730"}],"version-history":[{"count":5,"href":"https:\/\/destinationsvinsdeprovence.com\/en\/wp-json\/wp\/v2\/pages\/25730\/revisions"}],"predecessor-version":[{"id":28069,"href":"https:\/\/destinationsvinsdeprovence.com\/en\/wp-json\/wp\/v2\/pages\/25730\/revisions\/28069"}],"up":[{"embeddable":true,"href":"https:\/\/destinationsvinsdeprovence.com\/en\/wp-json\/wp\/v2\/pages\/8465"}],"wp:attachment":[{"href":"https:\/\/destinationsvinsdeprovence.com\/en\/wp-json\/wp\/v2\/media?parent=25730"}],"curies":[{"name":"wp","href":"https:\/\/api.w.org\/{rel}","templated":true}]}}