{"id":25732,"date":"2025-11-19T15:46:05","date_gmt":"2025-11-19T14:46:05","guid":{"rendered":"https:\/\/destinationsvinsdeprovence.com\/?page_id=25732"},"modified":"2026-01-26T18:03:29","modified_gmt":"2026-01-26T17:03:29","slug":"location-de-salles-en-sud-sainte-baume","status":"publish","type":"page","link":"https:\/\/destinationsvinsdeprovence.com\/en\/destination-sud-sainte-baume\/location-de-salles-en-sud-sainte-baume\/","title":{"rendered":"Venue rental in &quot;South Sainte Baume&quot;\u00ab"},"content":{"rendered":"","protected":false},"excerpt":{"rendered":"","protected":false},"author":21,"featured_media":0,"parent":8470,"menu_order":0,"comment_status":"closed","ping_status":"closed","template":"listing-sit.php","meta":{"_acf_changed":false,"_sitemap_exclude":false,"_sitemap_priority":"","_sitemap_frequency":"","_bb_seo_title":"","_bb_seo_meta_description":"D\u00e9couvrez les domaines viticoles de Provence avec le CIVP. Explorez des domaines embl\u00e9matiques comme Domaine des Trois Filles, Domaine Souviou, Domaine Bunan et Ch\u00e2teau La Vivonne \u00e0 La Cadi\u00e8re-d'Azur. Trouvez des lieux de visite et de d\u00e9gustation dans le sud de la Sainte-Baume.","_bb_seo_share_image_id":0,"_bb_seo_noindex":false,"footnotes":""},"class_list":["post-25732","page","type-page","status-publish","hentry"],"acf":{"cover_surtitre":"","cover_title":"","cover_intro":""},"_links":{"self":[{"href":"https:\/\/destinationsvinsdeprovence.com\/en\/wp-json\/wp\/v2\/pages\/25732","targetHints":{"allow":["GET"]}}],"collection":[{"href":"https:\/\/destinationsvinsdeprovence.com\/en\/wp-json\/wp\/v2\/pages"}],"about":[{"href":"https:\/\/destinationsvinsdeprovence.com\/en\/wp-json\/wp\/v2\/types\/page"}],"author":[{"embeddable":true,"href":"https:\/\/destinationsvinsdeprovence.com\/en\/wp-json\/wp\/v2\/users\/21"}],"replies":[{"embeddable":true,"href":"https:\/\/destinationsvinsdeprovence.com\/en\/wp-json\/wp\/v2\/comments?post=25732"}],"version-history":[{"count":5,"href":"https:\/\/destinationsvinsdeprovence.com\/en\/wp-json\/wp\/v2\/pages\/25732\/revisions"}],"predecessor-version":[{"id":28070,"href":"https:\/\/destinationsvinsdeprovence.com\/en\/wp-json\/wp\/v2\/pages\/25732\/revisions\/28070"}],"up":[{"embeddable":true,"href":"https:\/\/destinationsvinsdeprovence.com\/en\/wp-json\/wp\/v2\/pages\/8470"}],"wp:attachment":[{"href":"https:\/\/destinationsvinsdeprovence.com\/en\/wp-json\/wp\/v2\/media?parent=25732"}],"curies":[{"name":"wp","href":"https:\/\/api.w.org\/{rel}","templated":true}]}}