{"id":28144,"date":"2026-01-12T11:22:58","date_gmt":"2026-01-12T10:22:58","guid":{"rendered":"https:\/\/destinationsvinsdeprovence.com\/?page_id=28144"},"modified":"2026-03-09T09:43:06","modified_gmt":"2026-03-09T08:43:06","slug":"top-10-golfe-de-saint-tropez","status":"publish","type":"page","link":"https:\/\/destinationsvinsdeprovence.com\/en\/destination-golfe-de-saint-tropez\/parcourir-golfe-de-saint-tropez\/top-10-golfe-de-saint-tropez\/","title":{"rendered":"The Must-Sees \u2013 Gulf of Saint-Tropez"},"content":{"rendered":"","protected":false},"excerpt":{"rendered":"","protected":false},"author":18,"featured_media":0,"parent":25324,"menu_order":0,"comment_status":"closed","ping_status":"closed","template":"","meta":{"_acf_changed":false,"_sitemap_exclude":false,"_sitemap_priority":"","_sitemap_frequency":"","_bb_seo_title":"Les Incontournables - Golfe de Saint-Tropez","_bb_seo_meta_description":"Entre mer et collines, le golfe de Saint-Tropez d\u00e9voile ses tr\u00e9sors cach\u00e9s. Ici, l\u2019\u0153notourisme se vit au rythme des vagues, des pierres dor\u00e9es et des sentiers parfum\u00e9s.","_bb_seo_share_image_id":0,"_bb_seo_noindex":false,"footnotes":""},"class_list":["post-28144","page","type-page","status-publish","hentry"],"acf":{"cover_surtitre":"Les incontournables","cover_title":"Les incontournables dans le Golfe de Saint-Tropez, Vignobles d\u2019Exception","cover_intro":"<span style=\"font-weight: 400;\">Entre mer et collines, le golfe de Saint-Tropez d\u00e9voile ses tr\u00e9sors cach\u00e9s. Ici, l\u2019\u0153notourisme se vit au rythme des vagues, des pierres dor\u00e9es et des sentiers parfum\u00e9s. Des sentiers de randonn\u00e9e avec panoramas exceptionnels aux villages perch\u00e9s, en passant par les mus\u00e9es insolites et les plages mythiques, d\u00e9couvrez les p\u00e9pites qui sublimeront vos d\u00e9gustations de ros\u00e9s de Provence.<\/span><span style=\"font-weight: 400;\">\r\n<\/span>"},"_links":{"self":[{"href":"https:\/\/destinationsvinsdeprovence.com\/en\/wp-json\/wp\/v2\/pages\/28144","targetHints":{"allow":["GET"]}}],"collection":[{"href":"https:\/\/destinationsvinsdeprovence.com\/en\/wp-json\/wp\/v2\/pages"}],"about":[{"href":"https:\/\/destinationsvinsdeprovence.com\/en\/wp-json\/wp\/v2\/types\/page"}],"author":[{"embeddable":true,"href":"https:\/\/destinationsvinsdeprovence.com\/en\/wp-json\/wp\/v2\/users\/18"}],"replies":[{"embeddable":true,"href":"https:\/\/destinationsvinsdeprovence.com\/en\/wp-json\/wp\/v2\/comments?post=28144"}],"version-history":[{"count":11,"href":"https:\/\/destinationsvinsdeprovence.com\/en\/wp-json\/wp\/v2\/pages\/28144\/revisions"}],"predecessor-version":[{"id":28794,"href":"https:\/\/destinationsvinsdeprovence.com\/en\/wp-json\/wp\/v2\/pages\/28144\/revisions\/28794"}],"up":[{"embeddable":true,"href":"https:\/\/destinationsvinsdeprovence.com\/en\/wp-json\/wp\/v2\/pages\/25324"}],"wp:attachment":[{"href":"https:\/\/destinationsvinsdeprovence.com\/en\/wp-json\/wp\/v2\/media?parent=28144"}],"curies":[{"name":"wp","href":"https:\/\/api.w.org\/{rel}","templated":true}]}}