{"id":28167,"date":"2026-01-14T09:47:40","date_gmt":"2026-01-14T08:47:40","guid":{"rendered":"https:\/\/destinationsvinsdeprovence.com\/?page_id=28167"},"modified":"2026-03-09T10:05:10","modified_gmt":"2026-03-09T09:05:10","slug":"un-week-end-en-golfe-de-saint-tropez","status":"publish","type":"page","link":"https:\/\/destinationsvinsdeprovence.com\/en\/destination-golfe-de-saint-tropez\/parcourir-golfe-de-saint-tropez\/un-week-end-en-golfe-de-saint-tropez\/","title":{"rendered":"A weekend in the Gulf of Saint-Tropez"},"content":{"rendered":"","protected":false},"excerpt":{"rendered":"","protected":false},"author":18,"featured_media":0,"parent":25324,"menu_order":0,"comment_status":"closed","ping_status":"closed","template":"","meta":{"_acf_changed":false,"_sitemap_exclude":false,"_sitemap_priority":"","_sitemap_frequency":"","_bb_seo_title":"","_bb_seo_meta_description":"D\u00e9couvrez un week-end exceptionnel dans le Golfe de Saint-Tropez avec le CIVP. Explorez Gassin, Ramatuelle, Grimaud et La Garde-Freinet, en d\u00e9gustant des ros\u00e9s embl\u00e9matiques et des vins locaux. Profitez de paysages magnifiques, de d\u00e9gustations conviviales et de d\u00e9couvertes artisanales. Un voyage sensoriel au c\u0153ur de la Provence, entre vignes, plage","_bb_seo_share_image_id":0,"_bb_seo_noindex":false,"footnotes":""},"class_list":["post-28167","page","type-page","status-publish","hentry"],"acf":{"cover_surtitre":"Golfe de Saint-Tropez","cover_title":"Vignobles d\u2019Exception","cover_intro":"<strong>Le Golfe de Saint-Tropez se d\u00e9guste autant qu\u2019il se contemple.<\/strong>\r\n\r\n<i><span style=\"font-weight: 400;\">Sous le soleil \u00e9clatant de la M\u00e9diterran\u00e9e, l\u00e0 o\u00f9 les collines se jettent dans la mer et les vignes s\u2019\u00e9tendent comme des jardins secrets, le golfe de Saint-Tropez d\u00e9voile une facette m\u00e9connue de son art de vivre : celle d\u2019un terroir d\u2019exception. Ici, l\u2019\u0153notourisme se pare de raffinement, de nature pr\u00e9serv\u00e9e et d\u2019histoires enracin\u00e9es. Entre plages mythiques et villages perch\u00e9s, partez \u00e0 la rencontre d\u2019un vignoble qui conjugue tradition, biodiversit\u00e9 et transmission du savoir-faire.<\/span><\/i>"},"_links":{"self":[{"href":"https:\/\/destinationsvinsdeprovence.com\/en\/wp-json\/wp\/v2\/pages\/28167","targetHints":{"allow":["GET"]}}],"collection":[{"href":"https:\/\/destinationsvinsdeprovence.com\/en\/wp-json\/wp\/v2\/pages"}],"about":[{"href":"https:\/\/destinationsvinsdeprovence.com\/en\/wp-json\/wp\/v2\/types\/page"}],"author":[{"embeddable":true,"href":"https:\/\/destinationsvinsdeprovence.com\/en\/wp-json\/wp\/v2\/users\/18"}],"replies":[{"embeddable":true,"href":"https:\/\/destinationsvinsdeprovence.com\/en\/wp-json\/wp\/v2\/comments?post=28167"}],"version-history":[{"count":14,"href":"https:\/\/destinationsvinsdeprovence.com\/en\/wp-json\/wp\/v2\/pages\/28167\/revisions"}],"predecessor-version":[{"id":28806,"href":"https:\/\/destinationsvinsdeprovence.com\/en\/wp-json\/wp\/v2\/pages\/28167\/revisions\/28806"}],"up":[{"embeddable":true,"href":"https:\/\/destinationsvinsdeprovence.com\/en\/wp-json\/wp\/v2\/pages\/25324"}],"wp:attachment":[{"href":"https:\/\/destinationsvinsdeprovence.com\/en\/wp-json\/wp\/v2\/media?parent=28167"}],"curies":[{"name":"wp","href":"https:\/\/api.w.org\/{rel}","templated":true}]}}