{"id":5453,"date":"2024-08-09T15:37:44","date_gmt":"2024-08-09T13:37:44","guid":{"rendered":"https:\/\/destinationsvinsdeprovence.com\/?page_id=5453"},"modified":"2026-01-26T17:50:31","modified_gmt":"2026-01-26T16:50:31","slug":"carte-interactive","status":"publish","type":"page","link":"https:\/\/destinationsvinsdeprovence.com\/en\/carte-interactive\/","title":{"rendered":"Interactive map"},"content":{"rendered":"","protected":false},"excerpt":{"rendered":"","protected":false},"author":18,"featured_media":0,"parent":0,"menu_order":0,"comment_status":"closed","ping_status":"closed","template":"page-carte-interactive.php","meta":{"_acf_changed":false,"_sitemap_exclude":false,"_sitemap_priority":"","_sitemap_frequency":"","_bb_seo_title":"","_bb_seo_meta_description":"Explorez la carte interactive des Vins de Provence et d\u00e9couvrez les domaines viticoles, les routes des vins et les points d'int\u00e9r\u00eat de cette magnifique r\u00e9gion viticole. Planifiez votre prochaine escapade \u0153notouristique.","_bb_seo_share_image_id":0,"_bb_seo_noindex":false,"footnotes":""},"class_list":["post-5453","page","type-page","status-publish","hentry"],"acf":[],"_links":{"self":[{"href":"https:\/\/destinationsvinsdeprovence.com\/en\/wp-json\/wp\/v2\/pages\/5453","targetHints":{"allow":["GET"]}}],"collection":[{"href":"https:\/\/destinationsvinsdeprovence.com\/en\/wp-json\/wp\/v2\/pages"}],"about":[{"href":"https:\/\/destinationsvinsdeprovence.com\/en\/wp-json\/wp\/v2\/types\/page"}],"author":[{"embeddable":true,"href":"https:\/\/destinationsvinsdeprovence.com\/en\/wp-json\/wp\/v2\/users\/18"}],"replies":[{"embeddable":true,"href":"https:\/\/destinationsvinsdeprovence.com\/en\/wp-json\/wp\/v2\/comments?post=5453"}],"version-history":[{"count":14,"href":"https:\/\/destinationsvinsdeprovence.com\/en\/wp-json\/wp\/v2\/pages\/5453\/revisions"}],"predecessor-version":[{"id":25981,"href":"https:\/\/destinationsvinsdeprovence.com\/en\/wp-json\/wp\/v2\/pages\/5453\/revisions\/25981"}],"wp:attachment":[{"href":"https:\/\/destinationsvinsdeprovence.com\/en\/wp-json\/wp\/v2\/media?parent=5453"}],"curies":[{"name":"wp","href":"https:\/\/api.w.org\/{rel}","templated":true}]}}