{"id":6469,"date":"2024-09-12T16:27:00","date_gmt":"2024-09-12T14:27:00","guid":{"rendered":"https:\/\/destinationsvinsdeprovence.com\/?page_id=6469"},"modified":"2026-01-29T15:54:29","modified_gmt":"2026-01-29T14:54:29","slug":"destination-pays-daix-en-provence","status":"publish","type":"page","link":"https:\/\/destinationsvinsdeprovence.com\/en\/destination-pays-daix-en-provence\/","title":{"rendered":"Destination \u2192 Aix-en-Provence region"},"content":{"rendered":"","protected":false},"excerpt":{"rendered":"","protected":false},"author":7,"featured_media":0,"parent":0,"menu_order":0,"comment_status":"closed","ping_status":"closed","template":"","meta":{"_acf_changed":false,"_sitemap_exclude":false,"_sitemap_priority":"","_sitemap_frequency":"","_bb_seo_title":"","_bb_seo_meta_description":"D\u00e9couvrez le Pays d\u2019Aix-en-Provence, une destination embl\u00e9matique des Vins de Provence. Explorez ses paysages, ses domaines viticoles et ses tr\u00e9sors cach\u00e9s.","_bb_seo_share_image_id":0,"_bb_seo_noindex":false,"footnotes":""},"class_list":["post-6469","page","type-page","status-publish","hentry"],"acf":{"cover_surtitre":"Pays d\u2019Aix-en-Provence","cover_title":"Un vignoble g\u00e9n\u00e9reux sur toile de ma\u00eetre","cover_intro":"<i><span style=\"font-weight: 400;\">Des flancs de la Sainte-Victoire aux portes des Alpilles, les domaines viticoles se succ\u00e8dent tels des coups de pinceau sur toile vivante. <strong>Prenez la route au c\u0153ur du vignoble du Pays d'Aix-en-Provence<\/strong>, dans des paysages rendus \u00e9ternels par Cezanne. <\/span><\/i>\r\n\r\n<i><span style=\"font-weight: 400;\">Les rang\u00e9es de vignes ondulent sous le soleil proven\u00e7al. Autour se dressent bastides et ch\u00e2teaux \u00e9l\u00e9gants qui vous proposeront d\u00e9gustations comment\u00e9es, visites de chais, tables d\u2019h\u00f4tes raffin\u00e9es et exp\u00e9riences m\u00e9morables au c\u0153ur des vignes ou sous les \u00e9toiles. Avec pour promesse, <strong>un m\u00e9lange unique entre culture, art de vivre et bons vins<\/strong>. <\/span><\/i>"},"_links":{"self":[{"href":"https:\/\/destinationsvinsdeprovence.com\/en\/wp-json\/wp\/v2\/pages\/6469","targetHints":{"allow":["GET"]}}],"collection":[{"href":"https:\/\/destinationsvinsdeprovence.com\/en\/wp-json\/wp\/v2\/pages"}],"about":[{"href":"https:\/\/destinationsvinsdeprovence.com\/en\/wp-json\/wp\/v2\/types\/page"}],"author":[{"embeddable":true,"href":"https:\/\/destinationsvinsdeprovence.com\/en\/wp-json\/wp\/v2\/users\/7"}],"replies":[{"embeddable":true,"href":"https:\/\/destinationsvinsdeprovence.com\/en\/wp-json\/wp\/v2\/comments?post=6469"}],"version-history":[{"count":16,"href":"https:\/\/destinationsvinsdeprovence.com\/en\/wp-json\/wp\/v2\/pages\/6469\/revisions"}],"predecessor-version":[{"id":28534,"href":"https:\/\/destinationsvinsdeprovence.com\/en\/wp-json\/wp\/v2\/pages\/6469\/revisions\/28534"}],"wp:attachment":[{"href":"https:\/\/destinationsvinsdeprovence.com\/en\/wp-json\/wp\/v2\/media?parent=6469"}],"curies":[{"name":"wp","href":"https:\/\/api.w.org\/{rel}","templated":true}]}}