{"id":6600,"date":"2024-09-25T18:06:07","date_gmt":"2024-09-25T16:06:07","guid":{"rendered":"https:\/\/destinationsvinsdeprovence.com\/?page_id=6600"},"modified":"2026-01-26T18:05:37","modified_gmt":"2026-01-26T17:05:37","slug":"nos-destinations-oenotouristiques","status":"publish","type":"page","link":"https:\/\/destinationsvinsdeprovence.com\/en\/nos-destinations-oenotouristiques\/","title":{"rendered":"Our Wine Tourism Destinations"},"content":{"rendered":"","protected":false},"excerpt":{"rendered":"","protected":false},"author":7,"featured_media":0,"parent":0,"menu_order":0,"comment_status":"closed","ping_status":"closed","template":"","meta":{"_acf_changed":false,"_sitemap_exclude":false,"_sitemap_priority":"","_sitemap_frequency":"","_bb_seo_title":"","_bb_seo_meta_description":"D\u00e9couvrez les destinations \u0153notouristiques incontournables en Provence. Explorez nos vignobles, d\u00e9gustez nos vins et vivez des exp\u00e9riences uniques. Planifiez votre s\u00e9jour.","_bb_seo_share_image_id":0,"_bb_seo_noindex":false,"footnotes":""},"class_list":["post-6600","page","type-page","status-publish","hentry"],"acf":{"cover_surtitre":"","cover_title":"Nos destinations Oenotouristiques","cover_intro":""},"_links":{"self":[{"href":"https:\/\/destinationsvinsdeprovence.com\/en\/wp-json\/wp\/v2\/pages\/6600","targetHints":{"allow":["GET"]}}],"collection":[{"href":"https:\/\/destinationsvinsdeprovence.com\/en\/wp-json\/wp\/v2\/pages"}],"about":[{"href":"https:\/\/destinationsvinsdeprovence.com\/en\/wp-json\/wp\/v2\/types\/page"}],"author":[{"embeddable":true,"href":"https:\/\/destinationsvinsdeprovence.com\/en\/wp-json\/wp\/v2\/users\/7"}],"replies":[{"embeddable":true,"href":"https:\/\/destinationsvinsdeprovence.com\/en\/wp-json\/wp\/v2\/comments?post=6600"}],"version-history":[{"count":15,"href":"https:\/\/destinationsvinsdeprovence.com\/en\/wp-json\/wp\/v2\/pages\/6600\/revisions"}],"predecessor-version":[{"id":28414,"href":"https:\/\/destinationsvinsdeprovence.com\/en\/wp-json\/wp\/v2\/pages\/6600\/revisions\/28414"}],"wp:attachment":[{"href":"https:\/\/destinationsvinsdeprovence.com\/en\/wp-json\/wp\/v2\/media?parent=6600"}],"curies":[{"name":"wp","href":"https:\/\/api.w.org\/{rel}","templated":true}]}}