{"id":6689,"date":"2024-10-20T09:33:15","date_gmt":"2024-10-20T07:33:15","guid":{"rendered":"https:\/\/destinationsvinsdeprovence.com\/?page_id=6689"},"modified":"2026-01-28T11:34:35","modified_gmt":"2026-01-28T10:34:35","slug":"lessentiel-des-vins-de-provence","status":"publish","type":"page","link":"https:\/\/destinationsvinsdeprovence.com\/en\/lessentiel-des-vins-de-provence\/","title":{"rendered":"The Essential Vins de Provence Wines"},"content":{"rendered":"","protected":false},"excerpt":{"rendered":"","protected":false},"author":7,"featured_media":0,"parent":0,"menu_order":0,"comment_status":"closed","ping_status":"closed","template":"","meta":{"_acf_changed":false,"_sitemap_exclude":false,"_sitemap_priority":"","_sitemap_frequency":"","_bb_seo_title":"","_bb_seo_meta_description":"D\u00e9couvrez l'essentiel des Vins de Provence, leur histoire, leurs c\u00e9pages, leurs terroirs et les sp\u00e9cificit\u00e9s de cette r\u00e9gion viticole renomm\u00e9e. Apprenez-en plus sur les appellations C\u00f4tes de Provence, Coteaux d'Aix-en-Provence, Coteaux Varois en Provence et Bandol.","_bb_seo_share_image_id":0,"_bb_seo_noindex":false,"footnotes":""},"class_list":["post-6689","page","type-page","status-publish","hentry"],"acf":{"cover_surtitre":"","cover_title":"L'essentiel des Vins de Provence","cover_intro":""},"_links":{"self":[{"href":"https:\/\/destinationsvinsdeprovence.com\/en\/wp-json\/wp\/v2\/pages\/6689","targetHints":{"allow":["GET"]}}],"collection":[{"href":"https:\/\/destinationsvinsdeprovence.com\/en\/wp-json\/wp\/v2\/pages"}],"about":[{"href":"https:\/\/destinationsvinsdeprovence.com\/en\/wp-json\/wp\/v2\/types\/page"}],"author":[{"embeddable":true,"href":"https:\/\/destinationsvinsdeprovence.com\/en\/wp-json\/wp\/v2\/users\/7"}],"replies":[{"embeddable":true,"href":"https:\/\/destinationsvinsdeprovence.com\/en\/wp-json\/wp\/v2\/comments?post=6689"}],"version-history":[{"count":15,"href":"https:\/\/destinationsvinsdeprovence.com\/en\/wp-json\/wp\/v2\/pages\/6689\/revisions"}],"predecessor-version":[{"id":28522,"href":"https:\/\/destinationsvinsdeprovence.com\/en\/wp-json\/wp\/v2\/pages\/6689\/revisions\/28522"}],"wp:attachment":[{"href":"https:\/\/destinationsvinsdeprovence.com\/en\/wp-json\/wp\/v2\/media?parent=6689"}],"curies":[{"name":"wp","href":"https:\/\/api.w.org\/{rel}","templated":true}]}}