{"id":6723,"date":"2024-10-23T12:06:09","date_gmt":"2024-10-23T10:06:09","guid":{"rendered":"https:\/\/destinationsvinsdeprovence.com\/?page_id=6723"},"modified":"2026-01-26T18:05:00","modified_gmt":"2026-01-26T17:05:00","slug":"hebergements","status":"publish","type":"page","link":"https:\/\/destinationsvinsdeprovence.com\/en\/hebergements\/","title":{"rendered":"Accommodation"},"content":{"rendered":"","protected":false},"excerpt":{"rendered":"","protected":false},"author":7,"featured_media":0,"parent":0,"menu_order":0,"comment_status":"closed","ping_status":"closed","template":"listing-sit.php","meta":{"_acf_changed":false,"_sitemap_exclude":false,"_sitemap_priority":"","_sitemap_frequency":"","_bb_seo_title":"","_bb_seo_meta_description":"D\u00e9couvrez une s\u00e9lection d'h\u00e9bergements de charme en Provence, incluant g\u00eetes, villas et chambres d'h\u00f4tes, situ\u00e9s au c\u0153ur des vignobles. Trouvez le lieu id\u00e9al pour votre s\u00e9jour \u0153notouristique.","_bb_seo_share_image_id":0,"_bb_seo_noindex":false,"footnotes":""},"class_list":["post-6723","page","type-page","status-publish","hentry"],"acf":{"cover_surtitre":"","cover_title":"","cover_intro":""},"_links":{"self":[{"href":"https:\/\/destinationsvinsdeprovence.com\/en\/wp-json\/wp\/v2\/pages\/6723","targetHints":{"allow":["GET"]}}],"collection":[{"href":"https:\/\/destinationsvinsdeprovence.com\/en\/wp-json\/wp\/v2\/pages"}],"about":[{"href":"https:\/\/destinationsvinsdeprovence.com\/en\/wp-json\/wp\/v2\/types\/page"}],"author":[{"embeddable":true,"href":"https:\/\/destinationsvinsdeprovence.com\/en\/wp-json\/wp\/v2\/users\/7"}],"replies":[{"embeddable":true,"href":"https:\/\/destinationsvinsdeprovence.com\/en\/wp-json\/wp\/v2\/comments?post=6723"}],"version-history":[{"count":15,"href":"https:\/\/destinationsvinsdeprovence.com\/en\/wp-json\/wp\/v2\/pages\/6723\/revisions"}],"predecessor-version":[{"id":26124,"href":"https:\/\/destinationsvinsdeprovence.com\/en\/wp-json\/wp\/v2\/pages\/6723\/revisions\/26124"}],"wp:attachment":[{"href":"https:\/\/destinationsvinsdeprovence.com\/en\/wp-json\/wp\/v2\/media?parent=6723"}],"curies":[{"name":"wp","href":"https:\/\/api.w.org\/{rel}","templated":true}]}}