{"id":6896,"date":"2024-11-05T17:12:09","date_gmt":"2024-11-05T16:12:09","guid":{"rendered":"https:\/\/destinationsvinsdeprovence.com\/?page_id=6896"},"modified":"2025-11-21T18:34:39","modified_gmt":"2025-11-21T17:34:39","slug":"dormir-en-pays-daix-en-provence","status":"publish","type":"page","link":"https:\/\/destinationsvinsdeprovence.com\/en\/destination-pays-daix-en-provence\/dormir-en-pays-daix-en-provence\/","title":{"rendered":"Dormir en Pays d&rsquo;Aix-en-Provence"},"content":{"rendered":"","protected":false},"excerpt":{"rendered":"","protected":false},"author":7,"featured_media":0,"parent":6469,"menu_order":0,"comment_status":"closed","ping_status":"closed","template":"listing-sit.php","meta":{"_acf_changed":false,"_sitemap_exclude":false,"_sitemap_priority":"","_sitemap_frequency":"","_bb_seo_title":"","_bb_seo_meta_description":"D\u00e9couvrez les options d'h\u00e9bergement dans le Pays d'Aix-en-Provence, incluant h\u00f4tels de luxe, chambres d'h\u00f4tes et domaines viticoles comme Ch\u00e2teau Barbebelle, Villa La Coste et Ch\u00e2teau de Fonscolombe pour un s\u00e9jour inoubliable.","_bb_seo_share_image_id":0,"_bb_seo_noindex":false,"footnotes":""},"class_list":["post-6896","page","type-page","status-publish","hentry"],"acf":{"cover_surtitre":"Pays d'Aix-en-Provence","cover_title":"H\u00e9bergements","cover_intro":"S\u00e9journez au sein des vignobles de Provence pour une immersion totale dans notre art de vivre. Entre g\u00eetes dans les domaines, chambres d\u2019h\u00f4tes chez les vignerons ou h\u00e9bergements de charme, profitez d\u2019un cadre enchanteur pour vous reposer apr\u00e8s une journ\u00e9e de d\u00e9gustation et de d\u00e9couvertes des Vins de Provence."},"_links":{"self":[{"href":"https:\/\/destinationsvinsdeprovence.com\/en\/wp-json\/wp\/v2\/pages\/6896","targetHints":{"allow":["GET"]}}],"collection":[{"href":"https:\/\/destinationsvinsdeprovence.com\/en\/wp-json\/wp\/v2\/pages"}],"about":[{"href":"https:\/\/destinationsvinsdeprovence.com\/en\/wp-json\/wp\/v2\/types\/page"}],"author":[{"embeddable":true,"href":"https:\/\/destinationsvinsdeprovence.com\/en\/wp-json\/wp\/v2\/users\/7"}],"replies":[{"embeddable":true,"href":"https:\/\/destinationsvinsdeprovence.com\/en\/wp-json\/wp\/v2\/comments?post=6896"}],"version-history":[{"count":15,"href":"https:\/\/destinationsvinsdeprovence.com\/en\/wp-json\/wp\/v2\/pages\/6896\/revisions"}],"predecessor-version":[{"id":25877,"href":"https:\/\/destinationsvinsdeprovence.com\/en\/wp-json\/wp\/v2\/pages\/6896\/revisions\/25877"}],"up":[{"embeddable":true,"href":"https:\/\/destinationsvinsdeprovence.com\/en\/wp-json\/wp\/v2\/pages\/6469"}],"wp:attachment":[{"href":"https:\/\/destinationsvinsdeprovence.com\/en\/wp-json\/wp\/v2\/media?parent=6896"}],"curies":[{"name":"wp","href":"https:\/\/api.w.org\/{rel}","templated":true}]}}