{"id":6901,"date":"2024-11-06T16:39:12","date_gmt":"2024-11-06T15:39:12","guid":{"rendered":"https:\/\/destinationsvinsdeprovence.com\/?page_id=6901"},"modified":"2026-03-02T12:35:35","modified_gmt":"2026-03-02T11:35:35","slug":"marches-aix-en-provence","status":"publish","type":"page","link":"https:\/\/destinationsvinsdeprovence.com\/en\/destination-pays-daix-en-provence\/parcourir-le-pays-daix-en-provence\/marches-aix-en-provence\/","title":{"rendered":"Markets of the Aix-en-Provence region"},"content":{"rendered":"","protected":false},"excerpt":{"rendered":"","protected":false},"author":7,"featured_media":0,"parent":18398,"menu_order":0,"comment_status":"closed","ping_status":"closed","template":"listing-sit.php","meta":{"_acf_changed":false,"_sitemap_exclude":false,"_sitemap_priority":"","_sitemap_frequency":"","_bb_seo_title":"","_bb_seo_meta_description":"D\u00e9couvrez les march\u00e9s d'Aix-en-Provence et ses environs : march\u00e9 traditionnel de Rognes, march\u00e9 aux fruits et l\u00e9gumes, march\u00e9 aux fleurs, march\u00e9 paysan, textile, artisanat et brocante. Retrouvez les dates et lieux.","_bb_seo_share_image_id":0,"_bb_seo_noindex":false,"footnotes":""},"class_list":["post-6901","page","type-page","status-publish","hentry"],"acf":{"cover_surtitre":"Pays d'Aix en Provence","cover_title":"Les march\u00e9s","cover_intro":""},"_links":{"self":[{"href":"https:\/\/destinationsvinsdeprovence.com\/en\/wp-json\/wp\/v2\/pages\/6901","targetHints":{"allow":["GET"]}}],"collection":[{"href":"https:\/\/destinationsvinsdeprovence.com\/en\/wp-json\/wp\/v2\/pages"}],"about":[{"href":"https:\/\/destinationsvinsdeprovence.com\/en\/wp-json\/wp\/v2\/types\/page"}],"author":[{"embeddable":true,"href":"https:\/\/destinationsvinsdeprovence.com\/en\/wp-json\/wp\/v2\/users\/7"}],"replies":[{"embeddable":true,"href":"https:\/\/destinationsvinsdeprovence.com\/en\/wp-json\/wp\/v2\/comments?post=6901"}],"version-history":[{"count":15,"href":"https:\/\/destinationsvinsdeprovence.com\/en\/wp-json\/wp\/v2\/pages\/6901\/revisions"}],"predecessor-version":[{"id":28740,"href":"https:\/\/destinationsvinsdeprovence.com\/en\/wp-json\/wp\/v2\/pages\/6901\/revisions\/28740"}],"up":[{"embeddable":true,"href":"https:\/\/destinationsvinsdeprovence.com\/en\/wp-json\/wp\/v2\/pages\/18398"}],"wp:attachment":[{"href":"https:\/\/destinationsvinsdeprovence.com\/en\/wp-json\/wp\/v2\/media?parent=6901"}],"curies":[{"name":"wp","href":"https:\/\/api.w.org\/{rel}","templated":true}]}}