{"id":7012,"date":"2024-12-06T14:39:59","date_gmt":"2024-12-06T13:39:59","guid":{"rendered":"https:\/\/destinationsvinsdeprovence.com\/?page_id=7012"},"modified":"2026-01-26T18:04:59","modified_gmt":"2026-01-26T17:04:59","slug":"espace-presse","status":"publish","type":"page","link":"https:\/\/destinationsvinsdeprovence.com\/en\/espace-presse\/","title":{"rendered":"Press Area"},"content":{"rendered":"","protected":false},"excerpt":{"rendered":"","protected":false},"author":7,"featured_media":0,"parent":0,"menu_order":0,"comment_status":"closed","ping_status":"closed","template":"","meta":{"_acf_changed":false,"_sitemap_exclude":false,"_sitemap_priority":"","_sitemap_frequency":"","_bb_seo_title":"","_bb_seo_meta_description":"D\u00e9couvrez l'espace presse de Destinations Vins de Provence. Retrouvez nos communiqu\u00e9s de presse, dossiers de presse et informations pour les m\u00e9dias sur les vins de Provence.","_bb_seo_share_image_id":0,"_bb_seo_noindex":false,"footnotes":""},"class_list":["post-7012","page","type-page","status-publish","hentry"],"acf":{"cover_surtitre":"","cover_title":"Espace Presse","cover_intro":"<h2>Bienvenue sur l'espace r\u00e9serv\u00e9 aux professionnels de la presse<\/h2>"},"_links":{"self":[{"href":"https:\/\/destinationsvinsdeprovence.com\/en\/wp-json\/wp\/v2\/pages\/7012","targetHints":{"allow":["GET"]}}],"collection":[{"href":"https:\/\/destinationsvinsdeprovence.com\/en\/wp-json\/wp\/v2\/pages"}],"about":[{"href":"https:\/\/destinationsvinsdeprovence.com\/en\/wp-json\/wp\/v2\/types\/page"}],"author":[{"embeddable":true,"href":"https:\/\/destinationsvinsdeprovence.com\/en\/wp-json\/wp\/v2\/users\/7"}],"replies":[{"embeddable":true,"href":"https:\/\/destinationsvinsdeprovence.com\/en\/wp-json\/wp\/v2\/comments?post=7012"}],"version-history":[{"count":6,"href":"https:\/\/destinationsvinsdeprovence.com\/en\/wp-json\/wp\/v2\/pages\/7012\/revisions"}],"predecessor-version":[{"id":28408,"href":"https:\/\/destinationsvinsdeprovence.com\/en\/wp-json\/wp\/v2\/pages\/7012\/revisions\/28408"}],"wp:attachment":[{"href":"https:\/\/destinationsvinsdeprovence.com\/en\/wp-json\/wp\/v2\/media?parent=7012"}],"curies":[{"name":"wp","href":"https:\/\/api.w.org\/{rel}","templated":true}]}}