{"id":7050,"date":"2024-12-09T15:28:04","date_gmt":"2024-12-09T14:28:04","guid":{"rendered":"https:\/\/destinationsvinsdeprovence.com\/?page_id=7050"},"modified":"2026-01-26T18:05:05","modified_gmt":"2026-01-26T17:05:05","slug":"idees-de-week-end","status":"publish","type":"page","link":"https:\/\/destinationsvinsdeprovence.com\/en\/idees-de-week-end\/","title":{"rendered":"Weekend ideas"},"content":{"rendered":"","protected":false},"excerpt":{"rendered":"","protected":false},"author":7,"featured_media":0,"parent":0,"menu_order":0,"comment_status":"closed","ping_status":"closed","template":"","meta":{"_acf_changed":false,"_sitemap_exclude":false,"_sitemap_priority":"","_sitemap_frequency":"","_bb_seo_title":"","_bb_seo_meta_description":"Planifiez votre week-end id\u00e9al en Provence. Explorez les charmes du pays d'Aix, de Salon, de la Drac\u00e9nie, du C\u0153ur du Var, de Sud Sainte Baume, de la Provence Verte, de la Terre d'Esterel et des Vignobles de Provence & M\u00e9diterran\u00e9e.","_bb_seo_share_image_id":0,"_bb_seo_noindex":false,"footnotes":""},"class_list":["post-7050","page","type-page","status-publish","hentry"],"acf":{"cover_surtitre":"Explorer","cover_title":"Id\u00e9es de week-end dans les vignes : visites, balades & d\u00e9gustations","cover_intro":""},"_links":{"self":[{"href":"https:\/\/destinationsvinsdeprovence.com\/en\/wp-json\/wp\/v2\/pages\/7050","targetHints":{"allow":["GET"]}}],"collection":[{"href":"https:\/\/destinationsvinsdeprovence.com\/en\/wp-json\/wp\/v2\/pages"}],"about":[{"href":"https:\/\/destinationsvinsdeprovence.com\/en\/wp-json\/wp\/v2\/types\/page"}],"author":[{"embeddable":true,"href":"https:\/\/destinationsvinsdeprovence.com\/en\/wp-json\/wp\/v2\/users\/7"}],"replies":[{"embeddable":true,"href":"https:\/\/destinationsvinsdeprovence.com\/en\/wp-json\/wp\/v2\/comments?post=7050"}],"version-history":[{"count":15,"href":"https:\/\/destinationsvinsdeprovence.com\/en\/wp-json\/wp\/v2\/pages\/7050\/revisions"}],"predecessor-version":[{"id":28409,"href":"https:\/\/destinationsvinsdeprovence.com\/en\/wp-json\/wp\/v2\/pages\/7050\/revisions\/28409"}],"wp:attachment":[{"href":"https:\/\/destinationsvinsdeprovence.com\/en\/wp-json\/wp\/v2\/media?parent=7050"}],"curies":[{"name":"wp","href":"https:\/\/api.w.org\/{rel}","templated":true}]}}