{"id":7060,"date":"2024-12-09T15:39:12","date_gmt":"2024-12-09T14:39:12","guid":{"rendered":"https:\/\/destinationsvinsdeprovence.com\/?page_id=7060"},"modified":"2026-01-26T18:05:34","modified_gmt":"2026-01-26T17:05:34","slug":"tous-les-marches","status":"publish","type":"page","link":"https:\/\/destinationsvinsdeprovence.com\/en\/tous-les-marches\/","title":{"rendered":"All markets"},"content":{"rendered":"","protected":false},"excerpt":{"rendered":"","protected":false},"author":7,"featured_media":0,"parent":0,"menu_order":0,"comment_status":"closed","ping_status":"closed","template":"listing-sit.php","meta":{"_acf_changed":false,"_sitemap_exclude":false,"_sitemap_priority":"","_sitemap_frequency":"","_bb_seo_title":"","_bb_seo_meta_description":"D\u00e9couvrez le calendrier complet des march\u00e9s de Provence pour l'ann\u00e9e 2026-2027. Trouvez les dates et lieux des march\u00e9s proven\u00e7aux, des march\u00e9s aux fleurs aux march\u00e9s aux produits du terroir. D\u00e9couvrez les march\u00e9s de Saint-Rapha\u00ebl, Fr\u00e9jus, Sanary-sur-Mer, Aix-en-Provence, Tourrettes-sur-Louppe et bien d'autres encore. Planifiez vos visites et profit","_bb_seo_share_image_id":0,"_bb_seo_noindex":false,"footnotes":""},"class_list":["post-7060","page","type-page","status-publish","hentry"],"acf":{"cover_surtitre":"","cover_title":"Les march\u00e9s","cover_intro":""},"_links":{"self":[{"href":"https:\/\/destinationsvinsdeprovence.com\/en\/wp-json\/wp\/v2\/pages\/7060","targetHints":{"allow":["GET"]}}],"collection":[{"href":"https:\/\/destinationsvinsdeprovence.com\/en\/wp-json\/wp\/v2\/pages"}],"about":[{"href":"https:\/\/destinationsvinsdeprovence.com\/en\/wp-json\/wp\/v2\/types\/page"}],"author":[{"embeddable":true,"href":"https:\/\/destinationsvinsdeprovence.com\/en\/wp-json\/wp\/v2\/users\/7"}],"replies":[{"embeddable":true,"href":"https:\/\/destinationsvinsdeprovence.com\/en\/wp-json\/wp\/v2\/comments?post=7060"}],"version-history":[{"count":13,"href":"https:\/\/destinationsvinsdeprovence.com\/en\/wp-json\/wp\/v2\/pages\/7060\/revisions"}],"predecessor-version":[{"id":25834,"href":"https:\/\/destinationsvinsdeprovence.com\/en\/wp-json\/wp\/v2\/pages\/7060\/revisions\/25834"}],"wp:attachment":[{"href":"https:\/\/destinationsvinsdeprovence.com\/en\/wp-json\/wp\/v2\/media?parent=7060"}],"curies":[{"name":"wp","href":"https:\/\/api.w.org\/{rel}","templated":true}]}}