{"id":7068,"date":"2024-12-09T16:36:11","date_gmt":"2024-12-09T15:36:11","guid":{"rendered":"https:\/\/destinationsvinsdeprovence.com\/?page_id=7068"},"modified":"2026-01-26T18:06:45","modified_gmt":"2026-01-26T17:06:45","slug":"contact","status":"publish","type":"page","link":"https:\/\/destinationsvinsdeprovence.com\/en\/contact\/","title":{"rendered":"Contact"},"content":{"rendered":"","protected":false},"excerpt":{"rendered":"","protected":false},"author":7,"featured_media":0,"parent":0,"menu_order":0,"comment_status":"closed","ping_status":"closed","template":"","meta":{"_acf_changed":false,"_sitemap_exclude":false,"_sitemap_priority":"","_sitemap_frequency":"","_bb_seo_title":"","_bb_seo_meta_description":"Besoin de nous contacter ? Le Comit\u00e9 Interprofessionnel des Vins de Provence (CIVP) est \u00e0 votre disposition pour r\u00e9pondre \u00e0 toutes vos questions concernant les vins de Provence. Vous souhaitez organiser une visite de domaine, un \u00e9v\u00e9nement, ou simplement obtenir des informations sur nos produits ? Notre formulaire de contact ci-dessous vous permettr","_bb_seo_share_image_id":0,"_bb_seo_noindex":false,"footnotes":""},"class_list":["post-7068","page","type-page","status-publish","hentry"],"acf":{"cover_surtitre":"","cover_title":"Contactez-nous","cover_intro":""},"_links":{"self":[{"href":"https:\/\/destinationsvinsdeprovence.com\/en\/wp-json\/wp\/v2\/pages\/7068","targetHints":{"allow":["GET"]}}],"collection":[{"href":"https:\/\/destinationsvinsdeprovence.com\/en\/wp-json\/wp\/v2\/pages"}],"about":[{"href":"https:\/\/destinationsvinsdeprovence.com\/en\/wp-json\/wp\/v2\/types\/page"}],"author":[{"embeddable":true,"href":"https:\/\/destinationsvinsdeprovence.com\/en\/wp-json\/wp\/v2\/users\/7"}],"replies":[{"embeddable":true,"href":"https:\/\/destinationsvinsdeprovence.com\/en\/wp-json\/wp\/v2\/comments?post=7068"}],"version-history":[{"count":5,"href":"https:\/\/destinationsvinsdeprovence.com\/en\/wp-json\/wp\/v2\/pages\/7068\/revisions"}],"predecessor-version":[{"id":28358,"href":"https:\/\/destinationsvinsdeprovence.com\/en\/wp-json\/wp\/v2\/pages\/7068\/revisions\/28358"}],"wp:attachment":[{"href":"https:\/\/destinationsvinsdeprovence.com\/en\/wp-json\/wp\/v2\/media?parent=7068"}],"curies":[{"name":"wp","href":"https:\/\/api.w.org\/{rel}","templated":true}]}}