{"id":7225,"date":"2024-12-26T14:09:48","date_gmt":"2024-12-26T13:09:48","guid":{"rendered":"https:\/\/destinationsvinsdeprovence.com\/?page_id=7225"},"modified":"2026-01-26T17:54:54","modified_gmt":"2026-01-26T16:54:54","slug":"top-10-coeur-du-var","status":"publish","type":"page","link":"https:\/\/destinationsvinsdeprovence.com\/en\/destination-coeur-du-var\/parcourir-le-coeur-du-var\/top-10-coeur-du-var\/","title":{"rendered":"The Must-Sees \u2013 Heart of the Var"},"content":{"rendered":"","protected":false},"excerpt":{"rendered":"","protected":false},"author":7,"featured_media":0,"parent":19264,"menu_order":0,"comment_status":"closed","ping_status":"closed","template":"","meta":{"_acf_changed":false,"_sitemap_exclude":false,"_sitemap_priority":"","_sitemap_frequency":"","_bb_seo_title":"","_bb_seo_meta_description":"Explorez le C\u0153ur du Var, un territoire riche en patrimoine historique et en paysages naturels exceptionnels. D\u00e9couvrez l\u2019Abbaye du Thoronet, un joyau de l\u2019architecture m\u00e9di\u00e9vale, le Massif des Maures avec ses panoramas spectaculaires, la chapelle Notre-Dame des Anges perch\u00e9e \u00e0 768 m\u00e8tres d\u2019altitude, la Route des chapelles perch\u00e9es avec ses 7 sanctu","_bb_seo_share_image_id":0,"_bb_seo_noindex":false,"footnotes":""},"class_list":["post-7225","page","type-page","status-publish","hentry"],"acf":{"cover_surtitre":"Les Incontournables","cover_title":"Autour des vignobles : les plus beaux spots du C\u0153ur du Var","cover_intro":"<strong>Au-del\u00e0 de ses vins savoureux, le C\u0153ur du Var abrite des tr\u00e9sors alliant un riche patrimoine m\u00e9di\u00e9val \u00e0 la beaut\u00e9 naturelle des contreforts des Alpes.<\/strong>\r\n\r\nDes pierres s\u00e9culaires de l'Abbaye du Thoronet jusqu\u2019aux sentiers escarp\u00e9s du Massif des Maures, pr\u00e9parez-vous \u00e0 un voyage o\u00f9 l\u2019histoire c\u00f4toie l'aventure. D\u00e9couvrez les plus beaux sites qui capturent l'essence m\u00eame du C\u0153ur du Var."},"_links":{"self":[{"href":"https:\/\/destinationsvinsdeprovence.com\/en\/wp-json\/wp\/v2\/pages\/7225","targetHints":{"allow":["GET"]}}],"collection":[{"href":"https:\/\/destinationsvinsdeprovence.com\/en\/wp-json\/wp\/v2\/pages"}],"about":[{"href":"https:\/\/destinationsvinsdeprovence.com\/en\/wp-json\/wp\/v2\/types\/page"}],"author":[{"embeddable":true,"href":"https:\/\/destinationsvinsdeprovence.com\/en\/wp-json\/wp\/v2\/users\/7"}],"replies":[{"embeddable":true,"href":"https:\/\/destinationsvinsdeprovence.com\/en\/wp-json\/wp\/v2\/comments?post=7225"}],"version-history":[{"count":13,"href":"https:\/\/destinationsvinsdeprovence.com\/en\/wp-json\/wp\/v2\/pages\/7225\/revisions"}],"predecessor-version":[{"id":28373,"href":"https:\/\/destinationsvinsdeprovence.com\/en\/wp-json\/wp\/v2\/pages\/7225\/revisions\/28373"}],"up":[{"embeddable":true,"href":"https:\/\/destinationsvinsdeprovence.com\/en\/wp-json\/wp\/v2\/pages\/19264"}],"wp:attachment":[{"href":"https:\/\/destinationsvinsdeprovence.com\/en\/wp-json\/wp\/v2\/media?parent=7225"}],"curies":[{"name":"wp","href":"https:\/\/api.w.org\/{rel}","templated":true}]}}