{"id":7237,"date":"2024-12-26T14:23:35","date_gmt":"2024-12-26T13:23:35","guid":{"rendered":"https:\/\/destinationsvinsdeprovence.com\/?page_id=7237"},"modified":"2026-01-26T18:02:50","modified_gmt":"2026-01-26T17:02:50","slug":"top-10-salon-de-provence","status":"publish","type":"page","link":"https:\/\/destinationsvinsdeprovence.com\/en\/destination-salon-de-provence\/parcourir-autour-de-salon-de-provence\/top-10-salon-de-provence\/","title":{"rendered":"The Must-Sees \u2013 Salon de Provence"},"content":{"rendered":"","protected":false},"excerpt":{"rendered":"","protected":false},"author":7,"featured_media":0,"parent":19280,"menu_order":0,"comment_status":"closed","ping_status":"closed","template":"","meta":{"_acf_changed":false,"_sitemap_exclude":false,"_sitemap_priority":"","_sitemap_frequency":"","_bb_seo_title":"","_bb_seo_meta_description":"Explorez Salon-de-Provence, une ville riche en histoire et en traditions. D\u00e9couvrez le Ch\u00e2teau de l\u2019Emp\u00e9ri, un monument historique abritant le mus\u00e9e des Arm\u00e9es, plongez dans l'univers de Nostradamus \u00e0 sa maison-mus\u00e9e, fl\u00e2nez dans le quartier des Savonniers, berceau du c\u00e9l\u00e8bre savon de Marseille, et admirez les performances de la Patrouille de Franc","_bb_seo_share_image_id":0,"_bb_seo_noindex":false,"footnotes":""},"class_list":["post-7237","page","type-page","status-publish","hentry"],"acf":{"cover_surtitre":"Les Incontournables","cover_title":"Autour des vignobles : les plus beaux spots de Salon de Provence","cover_intro":"<strong>Joyau historique et culturel de la Provence, Salon-de-Provence regorge de tr\u00e9sors.<\/strong>\r\n\r\nSon riche pass\u00e9 m\u00e9di\u00e9val incarn\u00e9 par le majestueux Ch\u00e2teau de l'Emp\u00e9ri, son patrimoine industriel li\u00e9 \u00e0 la fabrication du savon de Marseille, ainsi que le spectacle a\u00e9rien unique de la Patrouille de France qui sillonne r\u00e9guli\u00e8rement son ciel, font d\u2019elle une terre de traditions. Partez \u00e0 la d\u00e9couverte des plus belles visites et exp\u00e9riences touristiques offertes par la cit\u00e9 proven\u00e7ale."},"_links":{"self":[{"href":"https:\/\/destinationsvinsdeprovence.com\/en\/wp-json\/wp\/v2\/pages\/7237","targetHints":{"allow":["GET"]}}],"collection":[{"href":"https:\/\/destinationsvinsdeprovence.com\/en\/wp-json\/wp\/v2\/pages"}],"about":[{"href":"https:\/\/destinationsvinsdeprovence.com\/en\/wp-json\/wp\/v2\/types\/page"}],"author":[{"embeddable":true,"href":"https:\/\/destinationsvinsdeprovence.com\/en\/wp-json\/wp\/v2\/users\/7"}],"replies":[{"embeddable":true,"href":"https:\/\/destinationsvinsdeprovence.com\/en\/wp-json\/wp\/v2\/comments?post=7237"}],"version-history":[{"count":13,"href":"https:\/\/destinationsvinsdeprovence.com\/en\/wp-json\/wp\/v2\/pages\/7237\/revisions"}],"predecessor-version":[{"id":28394,"href":"https:\/\/destinationsvinsdeprovence.com\/en\/wp-json\/wp\/v2\/pages\/7237\/revisions\/28394"}],"up":[{"embeddable":true,"href":"https:\/\/destinationsvinsdeprovence.com\/en\/wp-json\/wp\/v2\/pages\/19280"}],"wp:attachment":[{"href":"https:\/\/destinationsvinsdeprovence.com\/en\/wp-json\/wp\/v2\/media?parent=7237"}],"curies":[{"name":"wp","href":"https:\/\/api.w.org\/{rel}","templated":true}]}}