{"id":7242,"date":"2024-12-26T14:28:08","date_gmt":"2024-12-26T13:28:08","guid":{"rendered":"https:\/\/destinationsvinsdeprovence.com\/?page_id=7242"},"modified":"2026-01-26T18:03:39","modified_gmt":"2026-01-26T17:03:39","slug":"top-10-sud-sainte-baume","status":"publish","type":"page","link":"https:\/\/destinationsvinsdeprovence.com\/en\/destination-sud-sainte-baume\/parcourir-autour-de-sud-sainte-baume\/top-10-sud-sainte-baume\/","title":{"rendered":"The Must-Sees \u2013 South Sainte Baume"},"content":{"rendered":"","protected":false},"excerpt":{"rendered":"","protected":false},"author":7,"featured_media":0,"parent":19284,"menu_order":0,"comment_status":"closed","ping_status":"closed","template":"","meta":{"_acf_changed":false,"_sitemap_exclude":false,"_sitemap_priority":"","_sitemap_frequency":"","_bb_seo_title":"","_bb_seo_meta_description":"D\u00e9couvrez la calanque de Port d\u2019Alon, un joyau de la c\u00f4te proven\u00e7ale avec ses 60 m\u00e8tres de plage de sable et de galets. Entour\u00e9e d\u2019une pin\u00e8de luxuriante, cette calanque pr\u00e9serv\u00e9e offre un cadre idyllique pour la baignade et la randonn\u00e9e. Le sentier du littoral vous invite \u00e0 explorer les criques et les paysages m\u00e9diterran\u00e9ens, de Saint-Cyr-sur-Mer \u00e0","_bb_seo_share_image_id":0,"_bb_seo_noindex":false,"footnotes":""},"class_list":["post-7242","page","type-page","status-publish","hentry"],"acf":{"cover_surtitre":"Les Incontournables","cover_title":"Autour des vignobles : les plus beaux spots du Sud Sainte-Baume","cover_intro":"<strong>Des calanques sculpt\u00e9es par des si\u00e8cles de vents marins, des villages perch\u00e9s comme suspendus entre ciel et terre\u2026<\/strong>\r\n\r\nEt si vous partiez \u00e0 la d\u00e9couverte d\u2019une r\u00e9gion pleine de surprises ? Ici, chaque lieu est un t\u00e9moignage vivant o\u00f9 se m\u00ealent l'h\u00e9ritage proven\u00e7al et la beaut\u00e9 naturelle de la mer M\u00e9diterran\u00e9e. Voici quelques incontournables pour ne rien manquer de cette r\u00e9gion fascinante."},"_links":{"self":[{"href":"https:\/\/destinationsvinsdeprovence.com\/en\/wp-json\/wp\/v2\/pages\/7242","targetHints":{"allow":["GET"]}}],"collection":[{"href":"https:\/\/destinationsvinsdeprovence.com\/en\/wp-json\/wp\/v2\/pages"}],"about":[{"href":"https:\/\/destinationsvinsdeprovence.com\/en\/wp-json\/wp\/v2\/types\/page"}],"author":[{"embeddable":true,"href":"https:\/\/destinationsvinsdeprovence.com\/en\/wp-json\/wp\/v2\/users\/7"}],"replies":[{"embeddable":true,"href":"https:\/\/destinationsvinsdeprovence.com\/en\/wp-json\/wp\/v2\/comments?post=7242"}],"version-history":[{"count":10,"href":"https:\/\/destinationsvinsdeprovence.com\/en\/wp-json\/wp\/v2\/pages\/7242\/revisions"}],"predecessor-version":[{"id":28399,"href":"https:\/\/destinationsvinsdeprovence.com\/en\/wp-json\/wp\/v2\/pages\/7242\/revisions\/28399"}],"up":[{"embeddable":true,"href":"https:\/\/destinationsvinsdeprovence.com\/en\/wp-json\/wp\/v2\/pages\/19284"}],"wp:attachment":[{"href":"https:\/\/destinationsvinsdeprovence.com\/en\/wp-json\/wp\/v2\/media?parent=7242"}],"curies":[{"name":"wp","href":"https:\/\/api.w.org\/{rel}","templated":true}]}}