{"id":7246,"date":"2024-12-26T14:41:38","date_gmt":"2024-12-26T13:41:38","guid":{"rendered":"https:\/\/destinationsvinsdeprovence.com\/?page_id=7246"},"modified":"2026-01-26T17:53:28","modified_gmt":"2026-01-26T16:53:28","slug":"les-incontournables-vignobles-de-provence-de-mediterranee","status":"publish","type":"page","link":"https:\/\/destinationsvinsdeprovence.com\/en\/destination-vignobles-de-provence-et-de-mediterranee\/parcourir-vignobles-de-provence-de-mediterranee\/les-incontournables-vignobles-de-provence-de-mediterranee\/","title":{"rendered":"The Must-Sees \u2013 Vineyards of Provence &amp; the Mediterranean"},"content":{"rendered":"","protected":false},"excerpt":{"rendered":"","protected":false},"author":7,"featured_media":0,"parent":19272,"menu_order":0,"comment_status":"closed","ping_status":"closed","template":"","meta":{"_acf_changed":false,"_sitemap_exclude":false,"_sitemap_priority":"","_sitemap_frequency":"","_bb_seo_title":"","_bb_seo_meta_description":"Explorez le Fort de Br\u00e9gan\u00e7on, ancienne forteresse et r\u00e9sidence pr\u00e9sidentielle offrant une vue imprenable sur la c\u00f4te m\u00e9diterran\u00e9enne. D\u00e9couvrez les \u00eeles d\u2019Hy\u00e8res, avec Porquerolles et sa plage de Notre-Dame, et profitez des balades en Petit Train, des croisi\u00e8res vigneronnes au coucher du soleil et des plages pr\u00e9serv\u00e9es comme celle du Pellegrin. Pl","_bb_seo_share_image_id":0,"_bb_seo_noindex":false,"footnotes":""},"class_list":["post-7246","page","type-page","status-publish","hentry"],"acf":{"cover_surtitre":"Les Incontournables","cover_title":"Autour des vignobles : les plus beaux spots des Vignobles de Provence & de M\u00e9diterran\u00e9e","cover_intro":"<strong>Ici, aussi bien les amateurs d\u2019histoire que de nature ou de d\u00e9tente trouveront leur bonheur, car cette r\u00e9gion a tout pour plaire.<\/strong>\r\n\r\nDu c\u00e9l\u00e8bre Fort de Br\u00e9gan\u00e7on aux plages idylliques en passant par les nombreux sentiers de randonn\u00e9e, chaque recoin de ce territoire invite \u00e0 l'exploration. Laissez-vous guider \u00e0 travers ces lieux incontournables qui r\u00e9v\u00e8lent toute la richesse et la diversit\u00e9 de cette magnifique r\u00e9gion entre vignes et mer."},"_links":{"self":[{"href":"https:\/\/destinationsvinsdeprovence.com\/en\/wp-json\/wp\/v2\/pages\/7246","targetHints":{"allow":["GET"]}}],"collection":[{"href":"https:\/\/destinationsvinsdeprovence.com\/en\/wp-json\/wp\/v2\/pages"}],"about":[{"href":"https:\/\/destinationsvinsdeprovence.com\/en\/wp-json\/wp\/v2\/types\/page"}],"author":[{"embeddable":true,"href":"https:\/\/destinationsvinsdeprovence.com\/en\/wp-json\/wp\/v2\/users\/7"}],"replies":[{"embeddable":true,"href":"https:\/\/destinationsvinsdeprovence.com\/en\/wp-json\/wp\/v2\/comments?post=7246"}],"version-history":[{"count":15,"href":"https:\/\/destinationsvinsdeprovence.com\/en\/wp-json\/wp\/v2\/pages\/7246\/revisions"}],"predecessor-version":[{"id":28367,"href":"https:\/\/destinationsvinsdeprovence.com\/en\/wp-json\/wp\/v2\/pages\/7246\/revisions\/28367"}],"up":[{"embeddable":true,"href":"https:\/\/destinationsvinsdeprovence.com\/en\/wp-json\/wp\/v2\/pages\/19272"}],"wp:attachment":[{"href":"https:\/\/destinationsvinsdeprovence.com\/en\/wp-json\/wp\/v2\/media?parent=7246"}],"curies":[{"name":"wp","href":"https:\/\/api.w.org\/{rel}","templated":true}]}}